{"id":916,"date":"2023-05-18T14:49:45","date_gmt":"2023-05-18T14:49:45","guid":{"rendered":"http:\/\/texia.com\/sostenibilidad\/"},"modified":"2025-11-26T08:44:09","modified_gmt":"2025-11-26T08:44:09","slug":"durabilite","status":"publish","type":"page","link":"https:\/\/texia.com\/fr\/durabilite\/","title":{"rendered":"Durabilit\u00e9"},"content":{"rendered":"\n<div class=\"wp-block-columns is-layout-flex wp-container-core-columns-is-layout-9d6595d7 wp-block-columns-is-layout-flex\">\n<div class=\"wp-block-column is-layout-flow wp-block-column-is-layout-flow\">\n<p><span class=\"title-2\">Notre engagement pour l\u2019utilisation de mat\u00e9riaux renouvelables<\/span><\/p>\n<h3 class=\"title-3\">Mati\u00e8res premi\u00e8res 100 % naturelles<\/h3>\n<p>Nous misons sur l\u2019utilisation de fibres naturelles de grande qualit\u00e9 cultiv\u00e9es de mani\u00e8re responsable d\u2019un point de vue social et environnemental. Tous nos produits sont fabriqu\u00e9s \u00e0 partir de fibres v\u00e9g\u00e9tales, telles que le coton ou le lin.<\/p>\n<p>Nous faisons partie du programme\u00a0Better Cotton Initiative (BCI) dont l\u2019objectif est d\u2019am\u00e9liorer la production mondiale de coton aussi bien pour les travailleurs agricoles que pour l\u2019environnement dans lequel il pousse et pour un meilleur avenir du secteur.<\/p>\n<p>Nous sommes \u00e9galement en train d\u2019incorporer du coton r\u00e9cup\u00e9r\u00e9 et recycl\u00e9 dans certains de nos produits.<\/p>\n<p style=\"margin: 0;\"><img loading=\"lazy\" decoding=\"async\" class=\"alignnone size-full wp-image-512\" src=\"http:\/\/texia.com\/wp-content\/uploads\/image-30.png\" alt=\"\" width=\"118\" height=\"58\" \/><\/p>\n<\/div>\n\n\n\n<div class=\"wp-block-column is-layout-flow wp-block-column-is-layout-flow\"><\/div>\n<\/div>\n","protected":false},"excerpt":{"rendered":"<p>Notre engagement pour l\u2019utilisation de mat\u00e9riaux renouvelables Mati\u00e8res premi\u00e8res 100 % naturelles Nous misons sur l\u2019utilisation de fibres naturelles de grande qualit\u00e9 cultiv\u00e9es de mani\u00e8re responsable d\u2019un point de vue &hellip;<\/p>\n","protected":false},"author":1,"featured_media":502,"parent":0,"menu_order":0,"comment_status":"closed","ping_status":"closed","template":"page-templates\/page-flexible.php","meta":{"_acf_changed":false,"footnotes":""},"class_list":["post-916","page","type-page","status-publish","has-post-thumbnail","hentry"],"acf":[],"yoast_head":"<!-- This site is optimized with the Yoast SEO plugin v27.4 - https:\/\/yoast.com\/product\/yoast-seo-wordpress\/ -->\n<title>Durabilit\u00e9 - Texia<\/title>\n<meta name=\"description\" content=\"Notre engagement pour l\u2019utilisation de mat\u00e9riaux renouvelables Mati\u00e8res premi\u00e8res 100 % naturelles Nous misons sur l\u2019utilisation de fibres naturelles de\" \/>\n<meta name=\"robots\" content=\"index, follow, max-snippet:-1, max-image-preview:large, max-video-preview:-1\" \/>\n<link rel=\"canonical\" href=\"https:\/\/texia.com\/fr\/durabilite\/\" \/>\n<meta property=\"og:locale\" content=\"fr_FR\" \/>\n<meta property=\"og:type\" content=\"article\" \/>\n<meta property=\"og:title\" content=\"Durabilit\u00e9 - Texia\" \/>\n<meta property=\"og:description\" content=\"Notre engagement pour l\u2019utilisation de mat\u00e9riaux renouvelables Mati\u00e8res premi\u00e8res 100 % naturelles Nous misons sur l\u2019utilisation de fibres naturelles de\" \/>\n<meta property=\"og:url\" content=\"https:\/\/texia.com\/fr\/durabilite\/\" \/>\n<meta property=\"og:site_name\" content=\"Texia\" \/>\n<meta property=\"article:modified_time\" content=\"2025-11-26T08:44:09+00:00\" \/>\n<meta property=\"og:image\" content=\"http:\/\/texia.com\/wp-content\/uploads\/header_quienessomos-1024x483.png\" \/>\n\t<meta property=\"og:image:width\" content=\"1024\" \/>\n\t<meta property=\"og:image:height\" content=\"483\" \/>\n\t<meta property=\"og:image:type\" content=\"image\/png\" \/>\n<meta name=\"twitter:card\" content=\"summary_large_image\" \/>\n<meta name=\"twitter:label1\" content=\"Dur\u00e9e de lecture estim\u00e9e\" \/>\n\t<meta name=\"twitter:data1\" content=\"1 minute\" \/>\n<script type=\"application\/ld+json\" class=\"yoast-schema-graph\">{\"@context\":\"https:\\\/\\\/schema.org\",\"@graph\":[{\"@type\":\"WebPage\",\"@id\":\"https:\\\/\\\/texia.com\\\/fr\\\/durabilite\\\/\",\"url\":\"https:\\\/\\\/texia.com\\\/fr\\\/durabilite\\\/\",\"name\":\"Durabilit\u00e9 - Texia\",\"isPartOf\":{\"@id\":\"https:\\\/\\\/texia.com\\\/fr\\\/#website\"},\"primaryImageOfPage\":{\"@id\":\"https:\\\/\\\/texia.com\\\/fr\\\/durabilite\\\/#primaryimage\"},\"image\":{\"@id\":\"https:\\\/\\\/texia.com\\\/fr\\\/durabilite\\\/#primaryimage\"},\"thumbnailUrl\":\"https:\\\/\\\/texia.com\\\/wp-content\\\/uploads\\\/header_quienessomos.png\",\"datePublished\":\"2023-05-18T14:49:45+00:00\",\"dateModified\":\"2025-11-26T08:44:09+00:00\",\"description\":\"Notre engagement pour l\u2019utilisation de mat\u00e9riaux renouvelables Mati\u00e8res premi\u00e8res 100 % naturelles Nous misons sur l\u2019utilisation de fibres naturelles de\",\"breadcrumb\":{\"@id\":\"https:\\\/\\\/texia.com\\\/fr\\\/durabilite\\\/#breadcrumb\"},\"inLanguage\":\"fr-FR\",\"potentialAction\":[{\"@type\":\"ReadAction\",\"target\":[\"https:\\\/\\\/texia.com\\\/fr\\\/durabilite\\\/\"]}]},{\"@type\":\"ImageObject\",\"inLanguage\":\"fr-FR\",\"@id\":\"https:\\\/\\\/texia.com\\\/fr\\\/durabilite\\\/#primaryimage\",\"url\":\"https:\\\/\\\/texia.com\\\/wp-content\\\/uploads\\\/header_quienessomos.png\",\"contentUrl\":\"https:\\\/\\\/texia.com\\\/wp-content\\\/uploads\\\/header_quienessomos.png\",\"width\":5760,\"height\":2715},{\"@type\":\"BreadcrumbList\",\"@id\":\"https:\\\/\\\/texia.com\\\/fr\\\/durabilite\\\/#breadcrumb\",\"itemListElement\":[{\"@type\":\"ListItem\",\"position\":1,\"name\":\"Portada\",\"item\":\"https:\\\/\\\/texia.com\\\/fr\\\/\"},{\"@type\":\"ListItem\",\"position\":2,\"name\":\"Durabilit\u00e9\"}]},{\"@type\":\"WebSite\",\"@id\":\"https:\\\/\\\/texia.com\\\/fr\\\/#website\",\"url\":\"https:\\\/\\\/texia.com\\\/fr\\\/\",\"name\":\"Texia\",\"description\":\"\",\"publisher\":{\"@id\":\"https:\\\/\\\/texia.com\\\/fr\\\/#organization\"},\"potentialAction\":[{\"@type\":\"SearchAction\",\"target\":{\"@type\":\"EntryPoint\",\"urlTemplate\":\"https:\\\/\\\/texia.com\\\/fr\\\/?s={search_term_string}\"},\"query-input\":{\"@type\":\"PropertyValueSpecification\",\"valueRequired\":true,\"valueName\":\"search_term_string\"}}],\"inLanguage\":\"fr-FR\"},{\"@type\":\"Organization\",\"@id\":\"https:\\\/\\\/texia.com\\\/fr\\\/#organization\",\"name\":\"Texia\",\"url\":\"https:\\\/\\\/texia.com\\\/fr\\\/\",\"logo\":{\"@type\":\"ImageObject\",\"inLanguage\":\"fr-FR\",\"@id\":\"https:\\\/\\\/texia.com\\\/fr\\\/#\\\/schema\\\/logo\\\/image\\\/\",\"url\":\"https:\\\/\\\/texia.com\\\/wp-content\\\/uploads\\\/logo-texia.png\",\"contentUrl\":\"https:\\\/\\\/texia.com\\\/wp-content\\\/uploads\\\/logo-texia.png\",\"width\":194,\"height\":59,\"caption\":\"Texia\"},\"image\":{\"@id\":\"https:\\\/\\\/texia.com\\\/fr\\\/#\\\/schema\\\/logo\\\/image\\\/\"}}]}<\/script>\n<!-- \/ Yoast SEO plugin. -->","yoast_head_json":{"title":"Durabilit\u00e9 - Texia","description":"Notre engagement pour l\u2019utilisation de mat\u00e9riaux renouvelables Mati\u00e8res premi\u00e8res 100 % naturelles Nous misons sur l\u2019utilisation de fibres naturelles de","robots":{"index":"index","follow":"follow","max-snippet":"max-snippet:-1","max-image-preview":"max-image-preview:large","max-video-preview":"max-video-preview:-1"},"canonical":"https:\/\/texia.com\/fr\/durabilite\/","og_locale":"fr_FR","og_type":"article","og_title":"Durabilit\u00e9 - Texia","og_description":"Notre engagement pour l\u2019utilisation de mat\u00e9riaux renouvelables Mati\u00e8res premi\u00e8res 100 % naturelles Nous misons sur l\u2019utilisation de fibres naturelles de","og_url":"https:\/\/texia.com\/fr\/durabilite\/","og_site_name":"Texia","article_modified_time":"2025-11-26T08:44:09+00:00","og_image":[{"width":1024,"height":483,"url":"http:\/\/texia.com\/wp-content\/uploads\/header_quienessomos-1024x483.png","type":"image\/png"}],"twitter_card":"summary_large_image","twitter_misc":{"Dur\u00e9e de lecture estim\u00e9e":"1 minute"},"schema":{"@context":"https:\/\/schema.org","@graph":[{"@type":"WebPage","@id":"https:\/\/texia.com\/fr\/durabilite\/","url":"https:\/\/texia.com\/fr\/durabilite\/","name":"Durabilit\u00e9 - Texia","isPartOf":{"@id":"https:\/\/texia.com\/fr\/#website"},"primaryImageOfPage":{"@id":"https:\/\/texia.com\/fr\/durabilite\/#primaryimage"},"image":{"@id":"https:\/\/texia.com\/fr\/durabilite\/#primaryimage"},"thumbnailUrl":"https:\/\/texia.com\/wp-content\/uploads\/header_quienessomos.png","datePublished":"2023-05-18T14:49:45+00:00","dateModified":"2025-11-26T08:44:09+00:00","description":"Notre engagement pour l\u2019utilisation de mat\u00e9riaux renouvelables Mati\u00e8res premi\u00e8res 100 % naturelles Nous misons sur l\u2019utilisation de fibres naturelles de","breadcrumb":{"@id":"https:\/\/texia.com\/fr\/durabilite\/#breadcrumb"},"inLanguage":"fr-FR","potentialAction":[{"@type":"ReadAction","target":["https:\/\/texia.com\/fr\/durabilite\/"]}]},{"@type":"ImageObject","inLanguage":"fr-FR","@id":"https:\/\/texia.com\/fr\/durabilite\/#primaryimage","url":"https:\/\/texia.com\/wp-content\/uploads\/header_quienessomos.png","contentUrl":"https:\/\/texia.com\/wp-content\/uploads\/header_quienessomos.png","width":5760,"height":2715},{"@type":"BreadcrumbList","@id":"https:\/\/texia.com\/fr\/durabilite\/#breadcrumb","itemListElement":[{"@type":"ListItem","position":1,"name":"Portada","item":"https:\/\/texia.com\/fr\/"},{"@type":"ListItem","position":2,"name":"Durabilit\u00e9"}]},{"@type":"WebSite","@id":"https:\/\/texia.com\/fr\/#website","url":"https:\/\/texia.com\/fr\/","name":"Texia","description":"","publisher":{"@id":"https:\/\/texia.com\/fr\/#organization"},"potentialAction":[{"@type":"SearchAction","target":{"@type":"EntryPoint","urlTemplate":"https:\/\/texia.com\/fr\/?s={search_term_string}"},"query-input":{"@type":"PropertyValueSpecification","valueRequired":true,"valueName":"search_term_string"}}],"inLanguage":"fr-FR"},{"@type":"Organization","@id":"https:\/\/texia.com\/fr\/#organization","name":"Texia","url":"https:\/\/texia.com\/fr\/","logo":{"@type":"ImageObject","inLanguage":"fr-FR","@id":"https:\/\/texia.com\/fr\/#\/schema\/logo\/image\/","url":"https:\/\/texia.com\/wp-content\/uploads\/logo-texia.png","contentUrl":"https:\/\/texia.com\/wp-content\/uploads\/logo-texia.png","width":194,"height":59,"caption":"Texia"},"image":{"@id":"https:\/\/texia.com\/fr\/#\/schema\/logo\/image\/"}}]}},"_links":{"self":[{"href":"https:\/\/texia.com\/fr\/wp-json\/wp\/v2\/pages\/916","targetHints":{"allow":["GET"]}}],"collection":[{"href":"https:\/\/texia.com\/fr\/wp-json\/wp\/v2\/pages"}],"about":[{"href":"https:\/\/texia.com\/fr\/wp-json\/wp\/v2\/types\/page"}],"author":[{"embeddable":true,"href":"https:\/\/texia.com\/fr\/wp-json\/wp\/v2\/users\/1"}],"replies":[{"embeddable":true,"href":"https:\/\/texia.com\/fr\/wp-json\/wp\/v2\/comments?post=916"}],"version-history":[{"count":10,"href":"https:\/\/texia.com\/fr\/wp-json\/wp\/v2\/pages\/916\/revisions"}],"predecessor-version":[{"id":1709,"href":"https:\/\/texia.com\/fr\/wp-json\/wp\/v2\/pages\/916\/revisions\/1709"}],"wp:featuredmedia":[{"embeddable":true,"href":"https:\/\/texia.com\/fr\/wp-json\/wp\/v2\/media\/502"}],"wp:attachment":[{"href":"https:\/\/texia.com\/fr\/wp-json\/wp\/v2\/media?parent=916"}],"curies":[{"name":"wp","href":"https:\/\/api.w.org\/{rel}","templated":true}]}}