{"id":904,"date":"2023-05-18T14:51:07","date_gmt":"2023-05-18T14:51:07","guid":{"rendered":"http:\/\/texia.com\/marcas-propias\/"},"modified":"2023-05-26T10:58:49","modified_gmt":"2023-05-26T10:58:49","slug":"nos-propres-marques","status":"publish","type":"page","link":"https:\/\/texia.com\/fr\/nos-propres-marques\/","title":{"rendered":"Nos propres marques"},"content":{"rendered":"\n<div class=\"wp-block-columns is-layout-flex wp-container-core-columns-is-layout-9d6595d7 wp-block-columns-is-layout-flex\">\n<div class=\"wp-block-column is-layout-flow wp-block-column-is-layout-flow\">\n<p>En 1995, face \u00e0 la concurrence croissante des pays asiatiques, nous avons d\u00e9cid\u00e9 de modifier notre mod\u00e8le d&rsquo;entreprise, afin d&rsquo;assurer la viabilit\u00e9 \u00e0 long terme de la soci\u00e9t\u00e9 et de la diff\u00e9rencier des produits textiles traditionnels.<\/p>\n<\/div>\n\n\n\n<div class=\"wp-block-column is-layout-flow wp-block-column-is-layout-flow\">\n<p>C&rsquo;est ainsi que ROLL DRAP a \u00e9t\u00e9 cr\u00e9\u00e9e et, quinze ans plus tard, MY DRAP. Cette man\u0153uvre d&rsquo;anticipation nous a permis de survivre et de grandir en pleine crise du secteur textile, de g\u00e9n\u00e9rer nos propres ressources, d&rsquo;ouvrir de nouveaux march\u00e9s et d&rsquo;\u00eatre leaders dans diff\u00e9rents segments du march\u00e9 gr\u00e2ce \u00e0 la qualit\u00e9 de nos produits.<\/p>\n<\/div>\n<\/div>\n\n\n\n<p><\/p>\n","protected":false},"excerpt":{"rendered":"<p>En 1995, face \u00e0 la concurrence croissante des pays asiatiques, nous avons d\u00e9cid\u00e9 de modifier notre mod\u00e8le d&rsquo;entreprise, afin d&rsquo;assurer la viabilit\u00e9 \u00e0 long terme de la soci\u00e9t\u00e9 et de &hellip;<\/p>\n","protected":false},"author":1,"featured_media":680,"parent":0,"menu_order":0,"comment_status":"closed","ping_status":"closed","template":"page-templates\/page-flexible.php","meta":{"_acf_changed":false,"footnotes":""},"class_list":["post-904","page","type-page","status-publish","has-post-thumbnail","hentry"],"acf":[],"yoast_head":"<!-- This site is optimized with the Yoast SEO plugin v27.2 - https:\/\/yoast.com\/product\/yoast-seo-wordpress\/ -->\n<title>Nos propres marques - Texia<\/title>\n<meta name=\"description\" content=\"En 1995, face \u00e0 la concurrence croissante des pays asiatiques, nous avons d\u00e9cid\u00e9 de modifier notre mod\u00e8le d&#039;entreprise, afin d&#039;assurer la viabilit\u00e9 \u00e0 long\" \/>\n<meta name=\"robots\" content=\"index, follow, max-snippet:-1, max-image-preview:large, max-video-preview:-1\" \/>\n<link rel=\"canonical\" href=\"https:\/\/texia.com\/fr\/nos-propres-marques\/\" \/>\n<meta property=\"og:locale\" content=\"fr_FR\" \/>\n<meta property=\"og:type\" content=\"article\" \/>\n<meta property=\"og:title\" content=\"Nos propres marques - Texia\" \/>\n<meta property=\"og:description\" content=\"En 1995, face \u00e0 la concurrence croissante des pays asiatiques, nous avons d\u00e9cid\u00e9 de modifier notre mod\u00e8le d&#039;entreprise, afin d&#039;assurer la viabilit\u00e9 \u00e0 long\" \/>\n<meta property=\"og:url\" content=\"https:\/\/texia.com\/fr\/nos-propres-marques\/\" \/>\n<meta property=\"og:site_name\" content=\"Texia\" \/>\n<meta property=\"article:modified_time\" content=\"2023-05-26T10:58:49+00:00\" \/>\n<meta property=\"og:image\" content=\"https:\/\/texia.com\/wp-content\/uploads\/img-nuestras-marcas-header.jpg\" \/>\n\t<meta property=\"og:image:width\" content=\"1920\" \/>\n\t<meta property=\"og:image:height\" content=\"578\" \/>\n\t<meta property=\"og:image:type\" content=\"image\/jpeg\" \/>\n<meta name=\"twitter:card\" content=\"summary_large_image\" \/>\n<meta name=\"twitter:label1\" content=\"Dur\u00e9e de lecture estim\u00e9e\" \/>\n\t<meta name=\"twitter:data1\" content=\"1 minute\" \/>\n<script type=\"application\/ld+json\" class=\"yoast-schema-graph\">{\"@context\":\"https:\/\/schema.org\",\"@graph\":[{\"@type\":\"WebPage\",\"@id\":\"https:\/\/texia.com\/fr\/nos-propres-marques\/\",\"url\":\"https:\/\/texia.com\/fr\/nos-propres-marques\/\",\"name\":\"Nos propres marques - Texia\",\"isPartOf\":{\"@id\":\"https:\/\/texia.com\/fr\/#website\"},\"primaryImageOfPage\":{\"@id\":\"https:\/\/texia.com\/fr\/nos-propres-marques\/#primaryimage\"},\"image\":{\"@id\":\"https:\/\/texia.com\/fr\/nos-propres-marques\/#primaryimage\"},\"thumbnailUrl\":\"https:\/\/texia.com\/wp-content\/uploads\/img-nuestras-marcas-header.jpg\",\"datePublished\":\"2023-05-18T14:51:07+00:00\",\"dateModified\":\"2023-05-26T10:58:49+00:00\",\"description\":\"En 1995, face \u00e0 la concurrence croissante des pays asiatiques, nous avons d\u00e9cid\u00e9 de modifier notre mod\u00e8le d'entreprise, afin d'assurer la viabilit\u00e9 \u00e0 long\",\"breadcrumb\":{\"@id\":\"https:\/\/texia.com\/fr\/nos-propres-marques\/#breadcrumb\"},\"inLanguage\":\"fr-FR\",\"potentialAction\":[{\"@type\":\"ReadAction\",\"target\":[\"https:\/\/texia.com\/fr\/nos-propres-marques\/\"]}]},{\"@type\":\"ImageObject\",\"inLanguage\":\"fr-FR\",\"@id\":\"https:\/\/texia.com\/fr\/nos-propres-marques\/#primaryimage\",\"url\":\"https:\/\/texia.com\/wp-content\/uploads\/img-nuestras-marcas-header.jpg\",\"contentUrl\":\"https:\/\/texia.com\/wp-content\/uploads\/img-nuestras-marcas-header.jpg\",\"width\":1920,\"height\":578},{\"@type\":\"BreadcrumbList\",\"@id\":\"https:\/\/texia.com\/fr\/nos-propres-marques\/#breadcrumb\",\"itemListElement\":[{\"@type\":\"ListItem\",\"position\":1,\"name\":\"Portada\",\"item\":\"https:\/\/texia.com\/fr\/\"},{\"@type\":\"ListItem\",\"position\":2,\"name\":\"Nos propres marques\"}]},{\"@type\":\"WebSite\",\"@id\":\"https:\/\/texia.com\/fr\/#website\",\"url\":\"https:\/\/texia.com\/fr\/\",\"name\":\"Texia\",\"description\":\"\",\"publisher\":{\"@id\":\"https:\/\/texia.com\/fr\/#organization\"},\"potentialAction\":[{\"@type\":\"SearchAction\",\"target\":{\"@type\":\"EntryPoint\",\"urlTemplate\":\"https:\/\/texia.com\/fr\/?s={search_term_string}\"},\"query-input\":{\"@type\":\"PropertyValueSpecification\",\"valueRequired\":true,\"valueName\":\"search_term_string\"}}],\"inLanguage\":\"fr-FR\"},{\"@type\":\"Organization\",\"@id\":\"https:\/\/texia.com\/fr\/#organization\",\"name\":\"Texia\",\"url\":\"https:\/\/texia.com\/fr\/\",\"logo\":{\"@type\":\"ImageObject\",\"inLanguage\":\"fr-FR\",\"@id\":\"https:\/\/texia.com\/fr\/#\/schema\/logo\/image\/\",\"url\":\"https:\/\/texia.com\/wp-content\/uploads\/logo-texia.png\",\"contentUrl\":\"https:\/\/texia.com\/wp-content\/uploads\/logo-texia.png\",\"width\":194,\"height\":59,\"caption\":\"Texia\"},\"image\":{\"@id\":\"https:\/\/texia.com\/fr\/#\/schema\/logo\/image\/\"}}]}<\/script>\n<!-- \/ Yoast SEO plugin. -->","yoast_head_json":{"title":"Nos propres marques - Texia","description":"En 1995, face \u00e0 la concurrence croissante des pays asiatiques, nous avons d\u00e9cid\u00e9 de modifier notre mod\u00e8le d'entreprise, afin d'assurer la viabilit\u00e9 \u00e0 long","robots":{"index":"index","follow":"follow","max-snippet":"max-snippet:-1","max-image-preview":"max-image-preview:large","max-video-preview":"max-video-preview:-1"},"canonical":"https:\/\/texia.com\/fr\/nos-propres-marques\/","og_locale":"fr_FR","og_type":"article","og_title":"Nos propres marques - Texia","og_description":"En 1995, face \u00e0 la concurrence croissante des pays asiatiques, nous avons d\u00e9cid\u00e9 de modifier notre mod\u00e8le d'entreprise, afin d'assurer la viabilit\u00e9 \u00e0 long","og_url":"https:\/\/texia.com\/fr\/nos-propres-marques\/","og_site_name":"Texia","article_modified_time":"2023-05-26T10:58:49+00:00","og_image":[{"width":1920,"height":578,"url":"https:\/\/texia.com\/wp-content\/uploads\/img-nuestras-marcas-header.jpg","type":"image\/jpeg"}],"twitter_card":"summary_large_image","twitter_misc":{"Dur\u00e9e de lecture estim\u00e9e":"1 minute"},"schema":{"@context":"https:\/\/schema.org","@graph":[{"@type":"WebPage","@id":"https:\/\/texia.com\/fr\/nos-propres-marques\/","url":"https:\/\/texia.com\/fr\/nos-propres-marques\/","name":"Nos propres marques - Texia","isPartOf":{"@id":"https:\/\/texia.com\/fr\/#website"},"primaryImageOfPage":{"@id":"https:\/\/texia.com\/fr\/nos-propres-marques\/#primaryimage"},"image":{"@id":"https:\/\/texia.com\/fr\/nos-propres-marques\/#primaryimage"},"thumbnailUrl":"https:\/\/texia.com\/wp-content\/uploads\/img-nuestras-marcas-header.jpg","datePublished":"2023-05-18T14:51:07+00:00","dateModified":"2023-05-26T10:58:49+00:00","description":"En 1995, face \u00e0 la concurrence croissante des pays asiatiques, nous avons d\u00e9cid\u00e9 de modifier notre mod\u00e8le d'entreprise, afin d'assurer la viabilit\u00e9 \u00e0 long","breadcrumb":{"@id":"https:\/\/texia.com\/fr\/nos-propres-marques\/#breadcrumb"},"inLanguage":"fr-FR","potentialAction":[{"@type":"ReadAction","target":["https:\/\/texia.com\/fr\/nos-propres-marques\/"]}]},{"@type":"ImageObject","inLanguage":"fr-FR","@id":"https:\/\/texia.com\/fr\/nos-propres-marques\/#primaryimage","url":"https:\/\/texia.com\/wp-content\/uploads\/img-nuestras-marcas-header.jpg","contentUrl":"https:\/\/texia.com\/wp-content\/uploads\/img-nuestras-marcas-header.jpg","width":1920,"height":578},{"@type":"BreadcrumbList","@id":"https:\/\/texia.com\/fr\/nos-propres-marques\/#breadcrumb","itemListElement":[{"@type":"ListItem","position":1,"name":"Portada","item":"https:\/\/texia.com\/fr\/"},{"@type":"ListItem","position":2,"name":"Nos propres marques"}]},{"@type":"WebSite","@id":"https:\/\/texia.com\/fr\/#website","url":"https:\/\/texia.com\/fr\/","name":"Texia","description":"","publisher":{"@id":"https:\/\/texia.com\/fr\/#organization"},"potentialAction":[{"@type":"SearchAction","target":{"@type":"EntryPoint","urlTemplate":"https:\/\/texia.com\/fr\/?s={search_term_string}"},"query-input":{"@type":"PropertyValueSpecification","valueRequired":true,"valueName":"search_term_string"}}],"inLanguage":"fr-FR"},{"@type":"Organization","@id":"https:\/\/texia.com\/fr\/#organization","name":"Texia","url":"https:\/\/texia.com\/fr\/","logo":{"@type":"ImageObject","inLanguage":"fr-FR","@id":"https:\/\/texia.com\/fr\/#\/schema\/logo\/image\/","url":"https:\/\/texia.com\/wp-content\/uploads\/logo-texia.png","contentUrl":"https:\/\/texia.com\/wp-content\/uploads\/logo-texia.png","width":194,"height":59,"caption":"Texia"},"image":{"@id":"https:\/\/texia.com\/fr\/#\/schema\/logo\/image\/"}}]}},"_links":{"self":[{"href":"https:\/\/texia.com\/fr\/wp-json\/wp\/v2\/pages\/904","targetHints":{"allow":["GET"]}}],"collection":[{"href":"https:\/\/texia.com\/fr\/wp-json\/wp\/v2\/pages"}],"about":[{"href":"https:\/\/texia.com\/fr\/wp-json\/wp\/v2\/types\/page"}],"author":[{"embeddable":true,"href":"https:\/\/texia.com\/fr\/wp-json\/wp\/v2\/users\/1"}],"replies":[{"embeddable":true,"href":"https:\/\/texia.com\/fr\/wp-json\/wp\/v2\/comments?post=904"}],"version-history":[{"count":0,"href":"https:\/\/texia.com\/fr\/wp-json\/wp\/v2\/pages\/904\/revisions"}],"wp:featuredmedia":[{"embeddable":true,"href":"https:\/\/texia.com\/fr\/wp-json\/wp\/v2\/media\/680"}],"wp:attachment":[{"href":"https:\/\/texia.com\/fr\/wp-json\/wp\/v2\/media?parent=904"}],"curies":[{"name":"wp","href":"https:\/\/api.w.org\/{rel}","templated":true}]}}