{"id":892,"date":"2023-05-18T14:49:14","date_gmt":"2023-05-18T14:49:14","guid":{"rendered":"http:\/\/texia.com\/quienes-somos\/"},"modified":"2023-05-26T10:56:05","modified_gmt":"2023-05-26T10:56:05","slug":"qui-sommes-nous","status":"publish","type":"page","link":"https:\/\/texia.com\/fr\/qui-sommes-nous\/","title":{"rendered":"Qui sommes-nous"},"content":{"rendered":"\n<div class=\"wp-block-columns is-layout-flex wp-container-core-columns-is-layout-9d6595d7 wp-block-columns-is-layout-flex\">\n<div class=\"wp-block-column is-layout-flow wp-block-column-is-layout-flow\">\n<p><strong>\u201cLes produits de Texia sont pr\u00e9sents dans les plus grands restaurants, h\u00f4tels et compagnies a\u00e9riennes du monde\u201d<\/strong><\/p>\n<hr \/>\n<p>TEXIA est une entreprise familiale espagnole fond\u00e9e en 1917 qui r\u00e9volutionne la fabrication de produits textiles pour le secteur HCR haut de gamme et les compagnies a\u00e9riennes gr\u00e2ce \u00e0 sa technologie brevet\u00e9e sans couture (seamless), renforc\u00e9e par la mise en \u0153uvre et le d\u00e9veloppement de l&rsquo;impression pigmentaire num\u00e9rique en collaboration avec Epson.<\/p>\n<p>TEXIA est le leader mondial de la fabrication de produits textiles en coton de grande qualit\u00e9 pr\u00e9sent\u00e9s en rouleaux et sans couture gr\u00e2ce \u00e0 ses deux propres marques : ROLL DRAP et MY DRAP. L&rsquo;entreprise les a lanc\u00e9es respectivement en 1995 et en 2010 pour se diff\u00e9rencier des produits textiles traditionnels.<\/p>\n<\/div>\n\n\n\n<div class=\"wp-block-column is-layout-flow wp-block-column-is-layout-flow\">\n<p>Aujourd&rsquo;hui, elles sont pr\u00e9sentes dans les plus grands restaurants, h\u00f4tels, compagnies a\u00e9riennes, bateaux de croisi\u00e8re et traiteurs de luxe du monde. Cette gamme de produits s&rsquo;est \u00e9largie avec l&rsquo;acquisition d&rsquo;Athos, une marque d\u00e9di\u00e9e \u00e0 la fabrication de nappes de grande qualit\u00e9 faites sur mesure pour les restaurants.<\/p>\n<p>Bas\u00e9e \u00e0 Monistrol de Montserrat (Barcelone), elle exporte 80 % de sa production dans le monde entier, emploie 90 personnes et poss\u00e8de une filiale au Canada qui distribue les produits MY DRAP dans toute l&rsquo;Am\u00e9rique du Nord. La quatri\u00e8me g\u00e9n\u00e9ration, dirig\u00e9e par Marcos Guasch Pubill, s&rsquo;est fix\u00e9 pour objectif de mener la transformation du secteur du textile industriel vers la durabilit\u00e9 gr\u00e2ce \u00e0 ses propres technologies (SeamlessTEX et DigitalTEX). Afin de continuer \u00e0 les optimiser, Texia investit 10 % de son chiffre d&rsquo;affaires dans des projets de recherche et de d\u00e9veloppement (R&amp;D).<\/p>\n<\/div>\n<\/div>\n","protected":false},"excerpt":{"rendered":"<p>\u201cLes produits de Texia sont pr\u00e9sents dans les plus grands restaurants, h\u00f4tels et compagnies a\u00e9riennes du monde\u201d TEXIA est une entreprise familiale espagnole fond\u00e9e en 1917 qui r\u00e9volutionne la fabrication &hellip;<\/p>\n","protected":false},"author":1,"featured_media":502,"parent":0,"menu_order":0,"comment_status":"closed","ping_status":"closed","template":"page-templates\/page-flexible.php","meta":{"_acf_changed":false,"footnotes":""},"class_list":["post-892","page","type-page","status-publish","has-post-thumbnail","hentry"],"acf":[],"yoast_head":"<!-- This site is optimized with the Yoast SEO plugin v27.2 - https:\/\/yoast.com\/product\/yoast-seo-wordpress\/ -->\n<title>Qui sommes-nous - Texia<\/title>\n<meta name=\"description\" content=\"\u201cLes produits de Texia sont pr\u00e9sents dans les plus grands restaurants, h\u00f4tels et compagnies a\u00e9riennes du monde\u201d TEXIA est une entreprise familiale\" \/>\n<meta name=\"robots\" content=\"index, follow, max-snippet:-1, max-image-preview:large, max-video-preview:-1\" \/>\n<link rel=\"canonical\" href=\"https:\/\/texia.com\/fr\/qui-sommes-nous\/\" \/>\n<meta property=\"og:locale\" content=\"fr_FR\" \/>\n<meta property=\"og:type\" content=\"article\" \/>\n<meta property=\"og:title\" content=\"Qui sommes-nous - Texia\" \/>\n<meta property=\"og:description\" content=\"\u201cLes produits de Texia sont pr\u00e9sents dans les plus grands restaurants, h\u00f4tels et compagnies a\u00e9riennes du monde\u201d TEXIA est une entreprise familiale\" \/>\n<meta property=\"og:url\" content=\"https:\/\/texia.com\/fr\/qui-sommes-nous\/\" \/>\n<meta property=\"og:site_name\" content=\"Texia\" \/>\n<meta property=\"article:modified_time\" content=\"2023-05-26T10:56:05+00:00\" \/>\n<meta property=\"og:image\" content=\"https:\/\/texia.com\/wp-content\/uploads\/header_quienessomos-1024x483.png\" \/>\n\t<meta property=\"og:image:width\" content=\"1024\" \/>\n\t<meta property=\"og:image:height\" content=\"483\" \/>\n\t<meta property=\"og:image:type\" content=\"image\/png\" \/>\n<meta name=\"twitter:card\" content=\"summary_large_image\" \/>\n<meta name=\"twitter:label1\" content=\"Dur\u00e9e de lecture estim\u00e9e\" \/>\n\t<meta name=\"twitter:data1\" content=\"2 minutes\" \/>\n<script type=\"application\/ld+json\" class=\"yoast-schema-graph\">{\"@context\":\"https:\/\/schema.org\",\"@graph\":[{\"@type\":\"WebPage\",\"@id\":\"https:\/\/texia.com\/fr\/qui-sommes-nous\/\",\"url\":\"https:\/\/texia.com\/fr\/qui-sommes-nous\/\",\"name\":\"Qui sommes-nous - Texia\",\"isPartOf\":{\"@id\":\"https:\/\/texia.com\/fr\/#website\"},\"primaryImageOfPage\":{\"@id\":\"https:\/\/texia.com\/fr\/qui-sommes-nous\/#primaryimage\"},\"image\":{\"@id\":\"https:\/\/texia.com\/fr\/qui-sommes-nous\/#primaryimage\"},\"thumbnailUrl\":\"https:\/\/texia.com\/wp-content\/uploads\/header_quienessomos.png\",\"datePublished\":\"2023-05-18T14:49:14+00:00\",\"dateModified\":\"2023-05-26T10:56:05+00:00\",\"description\":\"\u201cLes produits de Texia sont pr\u00e9sents dans les plus grands restaurants, h\u00f4tels et compagnies a\u00e9riennes du monde\u201d TEXIA est une entreprise familiale\",\"breadcrumb\":{\"@id\":\"https:\/\/texia.com\/fr\/qui-sommes-nous\/#breadcrumb\"},\"inLanguage\":\"fr-FR\",\"potentialAction\":[{\"@type\":\"ReadAction\",\"target\":[\"https:\/\/texia.com\/fr\/qui-sommes-nous\/\"]}]},{\"@type\":\"ImageObject\",\"inLanguage\":\"fr-FR\",\"@id\":\"https:\/\/texia.com\/fr\/qui-sommes-nous\/#primaryimage\",\"url\":\"https:\/\/texia.com\/wp-content\/uploads\/header_quienessomos.png\",\"contentUrl\":\"https:\/\/texia.com\/wp-content\/uploads\/header_quienessomos.png\",\"width\":5760,\"height\":2715},{\"@type\":\"BreadcrumbList\",\"@id\":\"https:\/\/texia.com\/fr\/qui-sommes-nous\/#breadcrumb\",\"itemListElement\":[{\"@type\":\"ListItem\",\"position\":1,\"name\":\"Portada\",\"item\":\"https:\/\/texia.com\/fr\/\"},{\"@type\":\"ListItem\",\"position\":2,\"name\":\"Qui sommes-nous\"}]},{\"@type\":\"WebSite\",\"@id\":\"https:\/\/texia.com\/fr\/#website\",\"url\":\"https:\/\/texia.com\/fr\/\",\"name\":\"Texia\",\"description\":\"\",\"publisher\":{\"@id\":\"https:\/\/texia.com\/fr\/#organization\"},\"potentialAction\":[{\"@type\":\"SearchAction\",\"target\":{\"@type\":\"EntryPoint\",\"urlTemplate\":\"https:\/\/texia.com\/fr\/?s={search_term_string}\"},\"query-input\":{\"@type\":\"PropertyValueSpecification\",\"valueRequired\":true,\"valueName\":\"search_term_string\"}}],\"inLanguage\":\"fr-FR\"},{\"@type\":\"Organization\",\"@id\":\"https:\/\/texia.com\/fr\/#organization\",\"name\":\"Texia\",\"url\":\"https:\/\/texia.com\/fr\/\",\"logo\":{\"@type\":\"ImageObject\",\"inLanguage\":\"fr-FR\",\"@id\":\"https:\/\/texia.com\/fr\/#\/schema\/logo\/image\/\",\"url\":\"https:\/\/texia.com\/wp-content\/uploads\/logo-texia.png\",\"contentUrl\":\"https:\/\/texia.com\/wp-content\/uploads\/logo-texia.png\",\"width\":194,\"height\":59,\"caption\":\"Texia\"},\"image\":{\"@id\":\"https:\/\/texia.com\/fr\/#\/schema\/logo\/image\/\"}}]}<\/script>\n<!-- \/ Yoast SEO plugin. -->","yoast_head_json":{"title":"Qui sommes-nous - Texia","description":"\u201cLes produits de Texia sont pr\u00e9sents dans les plus grands restaurants, h\u00f4tels et compagnies a\u00e9riennes du monde\u201d TEXIA est une entreprise familiale","robots":{"index":"index","follow":"follow","max-snippet":"max-snippet:-1","max-image-preview":"max-image-preview:large","max-video-preview":"max-video-preview:-1"},"canonical":"https:\/\/texia.com\/fr\/qui-sommes-nous\/","og_locale":"fr_FR","og_type":"article","og_title":"Qui sommes-nous - Texia","og_description":"\u201cLes produits de Texia sont pr\u00e9sents dans les plus grands restaurants, h\u00f4tels et compagnies a\u00e9riennes du monde\u201d TEXIA est une entreprise familiale","og_url":"https:\/\/texia.com\/fr\/qui-sommes-nous\/","og_site_name":"Texia","article_modified_time":"2023-05-26T10:56:05+00:00","og_image":[{"width":1024,"height":483,"url":"https:\/\/texia.com\/wp-content\/uploads\/header_quienessomos-1024x483.png","type":"image\/png"}],"twitter_card":"summary_large_image","twitter_misc":{"Dur\u00e9e de lecture estim\u00e9e":"2 minutes"},"schema":{"@context":"https:\/\/schema.org","@graph":[{"@type":"WebPage","@id":"https:\/\/texia.com\/fr\/qui-sommes-nous\/","url":"https:\/\/texia.com\/fr\/qui-sommes-nous\/","name":"Qui sommes-nous - Texia","isPartOf":{"@id":"https:\/\/texia.com\/fr\/#website"},"primaryImageOfPage":{"@id":"https:\/\/texia.com\/fr\/qui-sommes-nous\/#primaryimage"},"image":{"@id":"https:\/\/texia.com\/fr\/qui-sommes-nous\/#primaryimage"},"thumbnailUrl":"https:\/\/texia.com\/wp-content\/uploads\/header_quienessomos.png","datePublished":"2023-05-18T14:49:14+00:00","dateModified":"2023-05-26T10:56:05+00:00","description":"\u201cLes produits de Texia sont pr\u00e9sents dans les plus grands restaurants, h\u00f4tels et compagnies a\u00e9riennes du monde\u201d TEXIA est une entreprise familiale","breadcrumb":{"@id":"https:\/\/texia.com\/fr\/qui-sommes-nous\/#breadcrumb"},"inLanguage":"fr-FR","potentialAction":[{"@type":"ReadAction","target":["https:\/\/texia.com\/fr\/qui-sommes-nous\/"]}]},{"@type":"ImageObject","inLanguage":"fr-FR","@id":"https:\/\/texia.com\/fr\/qui-sommes-nous\/#primaryimage","url":"https:\/\/texia.com\/wp-content\/uploads\/header_quienessomos.png","contentUrl":"https:\/\/texia.com\/wp-content\/uploads\/header_quienessomos.png","width":5760,"height":2715},{"@type":"BreadcrumbList","@id":"https:\/\/texia.com\/fr\/qui-sommes-nous\/#breadcrumb","itemListElement":[{"@type":"ListItem","position":1,"name":"Portada","item":"https:\/\/texia.com\/fr\/"},{"@type":"ListItem","position":2,"name":"Qui sommes-nous"}]},{"@type":"WebSite","@id":"https:\/\/texia.com\/fr\/#website","url":"https:\/\/texia.com\/fr\/","name":"Texia","description":"","publisher":{"@id":"https:\/\/texia.com\/fr\/#organization"},"potentialAction":[{"@type":"SearchAction","target":{"@type":"EntryPoint","urlTemplate":"https:\/\/texia.com\/fr\/?s={search_term_string}"},"query-input":{"@type":"PropertyValueSpecification","valueRequired":true,"valueName":"search_term_string"}}],"inLanguage":"fr-FR"},{"@type":"Organization","@id":"https:\/\/texia.com\/fr\/#organization","name":"Texia","url":"https:\/\/texia.com\/fr\/","logo":{"@type":"ImageObject","inLanguage":"fr-FR","@id":"https:\/\/texia.com\/fr\/#\/schema\/logo\/image\/","url":"https:\/\/texia.com\/wp-content\/uploads\/logo-texia.png","contentUrl":"https:\/\/texia.com\/wp-content\/uploads\/logo-texia.png","width":194,"height":59,"caption":"Texia"},"image":{"@id":"https:\/\/texia.com\/fr\/#\/schema\/logo\/image\/"}}]}},"_links":{"self":[{"href":"https:\/\/texia.com\/fr\/wp-json\/wp\/v2\/pages\/892","targetHints":{"allow":["GET"]}}],"collection":[{"href":"https:\/\/texia.com\/fr\/wp-json\/wp\/v2\/pages"}],"about":[{"href":"https:\/\/texia.com\/fr\/wp-json\/wp\/v2\/types\/page"}],"author":[{"embeddable":true,"href":"https:\/\/texia.com\/fr\/wp-json\/wp\/v2\/users\/1"}],"replies":[{"embeddable":true,"href":"https:\/\/texia.com\/fr\/wp-json\/wp\/v2\/comments?post=892"}],"version-history":[{"count":0,"href":"https:\/\/texia.com\/fr\/wp-json\/wp\/v2\/pages\/892\/revisions"}],"wp:featuredmedia":[{"embeddable":true,"href":"https:\/\/texia.com\/fr\/wp-json\/wp\/v2\/media\/502"}],"wp:attachment":[{"href":"https:\/\/texia.com\/fr\/wp-json\/wp\/v2\/media?parent=892"}],"curies":[{"name":"wp","href":"https:\/\/api.w.org\/{rel}","templated":true}]}}