{"id":1113,"date":"2023-05-19T07:46:46","date_gmt":"2023-05-19T07:46:46","guid":{"rendered":"http:\/\/texia.com\/trabaja-con-nosotros\/"},"modified":"2023-05-29T08:44:36","modified_gmt":"2023-05-29T08:44:36","slug":"travaille-avec-nous","status":"publish","type":"page","link":"https:\/\/texia.com\/fr\/travaille-avec-nous\/","title":{"rendered":"Travaille avec nous"},"content":{"rendered":"<p class=\"title-2\">Si vous \u00eates int\u00e9ress\u00e9 \u00e0 rejoindre l&rsquo;\u00e9quipe TEXIA, remplissez le formulaire suivant et envoyez-nous votre curriculum vitae pour \u00eatre pris en consid\u00e9ration pour les futures offres\u00a0:<\/p>\n","protected":false},"excerpt":{"rendered":"<p>Si vous \u00eates int\u00e9ress\u00e9 \u00e0 rejoindre l&rsquo;\u00e9quipe TEXIA, remplissez le formulaire suivant et envoyez-nous votre curriculum vitae pour \u00eatre pris en consid\u00e9ration pour les futures offres\u00a0:<\/p>\n","protected":false},"author":1,"featured_media":0,"parent":0,"menu_order":0,"comment_status":"closed","ping_status":"closed","template":"page-templates\/page-careers.php","meta":{"_acf_changed":false,"footnotes":""},"class_list":["post-1113","page","type-page","status-publish","hentry"],"acf":[],"yoast_head":"<!-- This site is optimized with the Yoast SEO plugin v27.4 - https:\/\/yoast.com\/product\/yoast-seo-wordpress\/ -->\n<title>Travaille avec nous - Texia<\/title>\n<meta name=\"description\" content=\"Si vous \u00eates int\u00e9ress\u00e9 \u00e0 rejoindre l&#039;\u00e9quipe TEXIA, remplissez le formulaire suivant et envoyez-nous votre curriculum vitae pour \u00eatre pris en consid\u00e9ration\" \/>\n<meta name=\"robots\" content=\"index, follow, max-snippet:-1, max-image-preview:large, max-video-preview:-1\" \/>\n<link rel=\"canonical\" href=\"https:\/\/texia.com\/fr\/travaille-avec-nous\/\" \/>\n<meta property=\"og:locale\" content=\"fr_FR\" \/>\n<meta property=\"og:type\" content=\"article\" \/>\n<meta property=\"og:title\" content=\"Travaille avec nous - Texia\" \/>\n<meta property=\"og:description\" content=\"Si vous \u00eates int\u00e9ress\u00e9 \u00e0 rejoindre l&#039;\u00e9quipe TEXIA, remplissez le formulaire suivant et envoyez-nous votre curriculum vitae pour \u00eatre pris en consid\u00e9ration\" \/>\n<meta property=\"og:url\" content=\"https:\/\/texia.com\/fr\/travaille-avec-nous\/\" \/>\n<meta property=\"og:site_name\" content=\"Texia\" \/>\n<meta property=\"article:modified_time\" content=\"2023-05-29T08:44:36+00:00\" \/>\n<meta name=\"twitter:card\" content=\"summary_large_image\" \/>\n<meta name=\"twitter:label1\" content=\"Dur\u00e9e de lecture estim\u00e9e\" \/>\n\t<meta name=\"twitter:data1\" content=\"1 minute\" \/>\n<script type=\"application\/ld+json\" class=\"yoast-schema-graph\">{\"@context\":\"https:\\\/\\\/schema.org\",\"@graph\":[{\"@type\":\"WebPage\",\"@id\":\"https:\\\/\\\/texia.com\\\/fr\\\/travaille-avec-nous\\\/\",\"url\":\"https:\\\/\\\/texia.com\\\/fr\\\/travaille-avec-nous\\\/\",\"name\":\"Travaille avec nous - Texia\",\"isPartOf\":{\"@id\":\"https:\\\/\\\/texia.com\\\/fr\\\/#website\"},\"datePublished\":\"2023-05-19T07:46:46+00:00\",\"dateModified\":\"2023-05-29T08:44:36+00:00\",\"description\":\"Si vous \u00eates int\u00e9ress\u00e9 \u00e0 rejoindre l'\u00e9quipe TEXIA, remplissez le formulaire suivant et envoyez-nous votre curriculum vitae pour \u00eatre pris en consid\u00e9ration\",\"breadcrumb\":{\"@id\":\"https:\\\/\\\/texia.com\\\/fr\\\/travaille-avec-nous\\\/#breadcrumb\"},\"inLanguage\":\"fr-FR\",\"potentialAction\":[{\"@type\":\"ReadAction\",\"target\":[\"https:\\\/\\\/texia.com\\\/fr\\\/travaille-avec-nous\\\/\"]}]},{\"@type\":\"BreadcrumbList\",\"@id\":\"https:\\\/\\\/texia.com\\\/fr\\\/travaille-avec-nous\\\/#breadcrumb\",\"itemListElement\":[{\"@type\":\"ListItem\",\"position\":1,\"name\":\"Portada\",\"item\":\"https:\\\/\\\/texia.com\\\/fr\\\/\"},{\"@type\":\"ListItem\",\"position\":2,\"name\":\"Travaille avec nous\"}]},{\"@type\":\"WebSite\",\"@id\":\"https:\\\/\\\/texia.com\\\/fr\\\/#website\",\"url\":\"https:\\\/\\\/texia.com\\\/fr\\\/\",\"name\":\"Texia\",\"description\":\"\",\"publisher\":{\"@id\":\"https:\\\/\\\/texia.com\\\/fr\\\/#organization\"},\"potentialAction\":[{\"@type\":\"SearchAction\",\"target\":{\"@type\":\"EntryPoint\",\"urlTemplate\":\"https:\\\/\\\/texia.com\\\/fr\\\/?s={search_term_string}\"},\"query-input\":{\"@type\":\"PropertyValueSpecification\",\"valueRequired\":true,\"valueName\":\"search_term_string\"}}],\"inLanguage\":\"fr-FR\"},{\"@type\":\"Organization\",\"@id\":\"https:\\\/\\\/texia.com\\\/fr\\\/#organization\",\"name\":\"Texia\",\"url\":\"https:\\\/\\\/texia.com\\\/fr\\\/\",\"logo\":{\"@type\":\"ImageObject\",\"inLanguage\":\"fr-FR\",\"@id\":\"https:\\\/\\\/texia.com\\\/fr\\\/#\\\/schema\\\/logo\\\/image\\\/\",\"url\":\"https:\\\/\\\/texia.com\\\/wp-content\\\/uploads\\\/logo-texia.png\",\"contentUrl\":\"https:\\\/\\\/texia.com\\\/wp-content\\\/uploads\\\/logo-texia.png\",\"width\":194,\"height\":59,\"caption\":\"Texia\"},\"image\":{\"@id\":\"https:\\\/\\\/texia.com\\\/fr\\\/#\\\/schema\\\/logo\\\/image\\\/\"}}]}<\/script>\n<!-- \/ Yoast SEO plugin. -->","yoast_head_json":{"title":"Travaille avec nous - Texia","description":"Si vous \u00eates int\u00e9ress\u00e9 \u00e0 rejoindre l'\u00e9quipe TEXIA, remplissez le formulaire suivant et envoyez-nous votre curriculum vitae pour \u00eatre pris en consid\u00e9ration","robots":{"index":"index","follow":"follow","max-snippet":"max-snippet:-1","max-image-preview":"max-image-preview:large","max-video-preview":"max-video-preview:-1"},"canonical":"https:\/\/texia.com\/fr\/travaille-avec-nous\/","og_locale":"fr_FR","og_type":"article","og_title":"Travaille avec nous - Texia","og_description":"Si vous \u00eates int\u00e9ress\u00e9 \u00e0 rejoindre l'\u00e9quipe TEXIA, remplissez le formulaire suivant et envoyez-nous votre curriculum vitae pour \u00eatre pris en consid\u00e9ration","og_url":"https:\/\/texia.com\/fr\/travaille-avec-nous\/","og_site_name":"Texia","article_modified_time":"2023-05-29T08:44:36+00:00","twitter_card":"summary_large_image","twitter_misc":{"Dur\u00e9e de lecture estim\u00e9e":"1 minute"},"schema":{"@context":"https:\/\/schema.org","@graph":[{"@type":"WebPage","@id":"https:\/\/texia.com\/fr\/travaille-avec-nous\/","url":"https:\/\/texia.com\/fr\/travaille-avec-nous\/","name":"Travaille avec nous - Texia","isPartOf":{"@id":"https:\/\/texia.com\/fr\/#website"},"datePublished":"2023-05-19T07:46:46+00:00","dateModified":"2023-05-29T08:44:36+00:00","description":"Si vous \u00eates int\u00e9ress\u00e9 \u00e0 rejoindre l'\u00e9quipe TEXIA, remplissez le formulaire suivant et envoyez-nous votre curriculum vitae pour \u00eatre pris en consid\u00e9ration","breadcrumb":{"@id":"https:\/\/texia.com\/fr\/travaille-avec-nous\/#breadcrumb"},"inLanguage":"fr-FR","potentialAction":[{"@type":"ReadAction","target":["https:\/\/texia.com\/fr\/travaille-avec-nous\/"]}]},{"@type":"BreadcrumbList","@id":"https:\/\/texia.com\/fr\/travaille-avec-nous\/#breadcrumb","itemListElement":[{"@type":"ListItem","position":1,"name":"Portada","item":"https:\/\/texia.com\/fr\/"},{"@type":"ListItem","position":2,"name":"Travaille avec nous"}]},{"@type":"WebSite","@id":"https:\/\/texia.com\/fr\/#website","url":"https:\/\/texia.com\/fr\/","name":"Texia","description":"","publisher":{"@id":"https:\/\/texia.com\/fr\/#organization"},"potentialAction":[{"@type":"SearchAction","target":{"@type":"EntryPoint","urlTemplate":"https:\/\/texia.com\/fr\/?s={search_term_string}"},"query-input":{"@type":"PropertyValueSpecification","valueRequired":true,"valueName":"search_term_string"}}],"inLanguage":"fr-FR"},{"@type":"Organization","@id":"https:\/\/texia.com\/fr\/#organization","name":"Texia","url":"https:\/\/texia.com\/fr\/","logo":{"@type":"ImageObject","inLanguage":"fr-FR","@id":"https:\/\/texia.com\/fr\/#\/schema\/logo\/image\/","url":"https:\/\/texia.com\/wp-content\/uploads\/logo-texia.png","contentUrl":"https:\/\/texia.com\/wp-content\/uploads\/logo-texia.png","width":194,"height":59,"caption":"Texia"},"image":{"@id":"https:\/\/texia.com\/fr\/#\/schema\/logo\/image\/"}}]}},"_links":{"self":[{"href":"https:\/\/texia.com\/fr\/wp-json\/wp\/v2\/pages\/1113","targetHints":{"allow":["GET"]}}],"collection":[{"href":"https:\/\/texia.com\/fr\/wp-json\/wp\/v2\/pages"}],"about":[{"href":"https:\/\/texia.com\/fr\/wp-json\/wp\/v2\/types\/page"}],"author":[{"embeddable":true,"href":"https:\/\/texia.com\/fr\/wp-json\/wp\/v2\/users\/1"}],"replies":[{"embeddable":true,"href":"https:\/\/texia.com\/fr\/wp-json\/wp\/v2\/comments?post=1113"}],"version-history":[{"count":0,"href":"https:\/\/texia.com\/fr\/wp-json\/wp\/v2\/pages\/1113\/revisions"}],"wp:attachment":[{"href":"https:\/\/texia.com\/fr\/wp-json\/wp\/v2\/media?parent=1113"}],"curies":[{"name":"wp","href":"https:\/\/api.w.org\/{rel}","templated":true}]}}