{"id":1107,"date":"2022-03-30T09:27:15","date_gmt":"2022-03-30T09:27:15","guid":{"rendered":"http:\/\/texia.com\/?page_id=1107"},"modified":"2023-07-05T14:38:58","modified_gmt":"2023-07-05T14:38:58","slug":"politique-de-confidentialite","status":"publish","type":"page","link":"https:\/\/texia.com\/fr\/politique-de-confidentialite\/","title":{"rendered":"Politique de confidentialit\u00e9"},"content":{"rendered":"\n<p><\/p>\n\n\n\n<p><strong>TEXIA GUASCH GROUP, S.L.<\/strong> (ci-apr\u00e8s d\u00e9sign\u00e9e TEXIA) s\u2019engage \u00e0 respecter la vie priv\u00e9e de ses utilisateurs et \u00e0 prot\u00e9ger les donn\u00e9es \u00e0 caract\u00e8re personnel que ceux-ci pourraient lui fournir \u00e0 travers les formulaires publi\u00e9s sur son <em>site Web<\/em> ou transmis par un quelconque moyen de contact li\u00e9 \u00e0 celui-ci.<\/p>\n\n\n\n<p>L\u2019utilisateur donne son accord express et sans \u00e9quivoque pour que ses donn\u00e9es \u00e0 caract\u00e8re personnel, fournies \u00e0 travers les communications avec TEXIA, soient incorpor\u00e9es dans les fichiers appartenant \u00e0 celle-ci, et qu\u2019elles soient soumises \u00e0 un traitement automatis\u00e9 \u2013 ou pas \u2013, avec les finalit\u00e9s suivantes :<\/p>\n\n\n\n<ul class=\"wp-block-list\">\n<li>Gestion du motif de son contact&nbsp;;<\/li>\n\n\n\n<li>Prestation du service qui lui a \u00e9t\u00e9 demand\u00e9&nbsp;;<\/li>\n\n\n\n<li>Gestion administrative, comptable et fiscale&nbsp;;<\/li>\n\n\n\n<li>Envoi de communications commerciales, promotionnelles ou publicitaires, y compris de ses bulletins d\u2019informations \u00e9lectroniques ou <em>Newsletters<\/em>.<\/li>\n<\/ul>\n\n\n\n<p>Nous informons les utilisateurs que l\u2019accord pr\u00e9cit\u00e9 vaut \u00e9galement pour la cession ou la communication des donn\u00e9es incorpor\u00e9es dans les fichiers aux soci\u00e9t\u00e9s li\u00e9es au groupe TEXIA, en particulier la soci\u00e9t\u00e9 TEXIA SEAMLESS, S.L., afin que celles-ci puissent traiter les donn\u00e9es \u00e0 caract\u00e8re personnel des utilisateurs avec les m\u00eames finalit\u00e9s que celles susvis\u00e9es.<\/p>\n\n\n\n<p>TEXIA informe ses utilisateurs qu\u2019elle a pris les mesures de s\u00e9curit\u00e9 d\u2019ordre technique et d\u2019organisation n\u00e9cessaires pour garantir la s\u00e9curit\u00e9 et l\u2019int\u00e9grit\u00e9 des donn\u00e9es, ainsi que pour pr\u00e9venir la perte, le mauvais usage ou l\u2019acc\u00e8s non autoris\u00e9 de celles-ci, conform\u00e9ment \u00e0 la l\u00e9gislation en vigueur en mati\u00e8re de protection des donn\u00e9es, en tenant compte de l\u2019\u00e9tat de la technologie et de la nature des donn\u00e9es stock\u00e9es.<\/p>\n\n\n\n<p>Les utilisateurs peuvent r\u00e9voquer le pr\u00e9sent accord et exercer leurs droits d\u2019acc\u00e8s, de rectification, de suppression et de portabilit\u00e9 de leurs donn\u00e9es ; et de limitation ou d\u2019opposition \u00e0 leur traitement, tels que pr\u00e9vus dans le R\u00e8glement g\u00e9n\u00e9ral sur la protection des donn\u00e9es (RGPD) de la CE et dans la Loi organique 15\/1999 du 13 d\u00e9cembre relative \u00e0 la protection des donn\u00e9es \u00e0 caract\u00e8re personnel (LOPD), en envoyant un courrier \u00e0 l\u2019adresse postale du si\u00e8ge social de TEXIA \u00e0 Pol\u00edgono Industrial El Mas, s\/n, 08691 Monistrol de Montserrat, Barcelone, Espagne, ou un courrier \u00e9lectronique \u00e0 l\u2019adresse e-mail <a href=\"mailto:texia.lopd@texia.com\">texia.lopd@texia.com<\/a> , en joignant dans les deux cas une photocopie de leur carte nationale d\u2019identit\u00e9 (DNI) ou de toute autre pi\u00e8ce d\u2019identit\u00e9 similaire.<\/p>\n\n\n\n<p>L\u2019utilisateur a le droit de porter plainte aupr\u00e8s de l\u2019<a href=\"http:\/\/www.agpd.es\/portalwebAGPD\/index-idfr-idphp.php\">Agence espagnole de protection des donn\u00e9es<\/a>, s\u2019il consid\u00e8re que les droits pr\u00e9cit\u00e9s dans la pr\u00e9sente politique de confidentialit\u00e9 ne sont pas respect\u00e9s ou que le traitement des donn\u00e9es \u00e0 caract\u00e8re personnel le concernant enfreint le r\u00e8glement (UE) 2016\/679 du Parlement europ\u00e9en et du Conseil du 27 avril 2016, ainsi que la Loi organique 15\/1999 du 13 d\u00e9cembre relative \u00e0 la protection des donn\u00e9es \u00e0 caract\u00e8re personnel et son r\u00e8glement d\u2019application.<\/p>\n\n\n\n<p><strong>MODIFICATIONS<\/strong><\/p>\n\n\n\n<p>La pr\u00e9sente Politique de confidentialit\u00e9 pourra \u00eatre mise \u00e0 jour \u00e0 tout moment en fonction des besoins particuliers du <em>site Web<\/em> et des changements l\u00e9gislatifs futurs en mati\u00e8re de confidentialit\u00e9, TEXIA se r\u00e9servant ce droit en exclusivit\u00e9.<\/p>\n\n\n\n<p><strong>DONN\u00c9ES DE CONTACT<\/strong><\/p>\n\n\n\n<p><strong>TEXIA GUASCH GROUP, S.L<\/strong><br>Pol\u00edgono Industrial El Mas, s\/n<br>E-08691 Monistrol de Montserrat<br>Barcelone (Espagne)<\/p>\n\n\n\n<p>Derni\u00e8re modification : 21 mars 2018<\/p>\n","protected":false},"excerpt":{"rendered":"<p>TEXIA GUASCH GROUP, S.L. (ci-apr\u00e8s d\u00e9sign\u00e9e TEXIA) s\u2019engage \u00e0 respecter la vie priv\u00e9e de ses utilisateurs et \u00e0 prot\u00e9ger les donn\u00e9es \u00e0 caract\u00e8re personnel que ceux-ci pourraient lui fournir \u00e0 &hellip;<\/p>\n","protected":false},"author":1,"featured_media":0,"parent":0,"menu_order":0,"comment_status":"closed","ping_status":"closed","template":"","meta":{"_acf_changed":false,"footnotes":""},"class_list":["post-1107","page","type-page","status-publish","hentry"],"acf":[],"yoast_head":"<!-- This site is optimized with the Yoast SEO plugin v27.4 - https:\/\/yoast.com\/product\/yoast-seo-wordpress\/ -->\n<title>Politique de confidentialit\u00e9 - Texia<\/title>\n<meta name=\"description\" content=\"TEXIA GUASCH GROUP, S.L. (ci-apr\u00e8s d\u00e9sign\u00e9e TEXIA) s\u2019engage \u00e0 respecter la vie priv\u00e9e de ses utilisateurs et \u00e0 prot\u00e9ger les donn\u00e9es \u00e0 caract\u00e8re personnel\" \/>\n<meta name=\"robots\" content=\"index, follow, max-snippet:-1, max-image-preview:large, max-video-preview:-1\" \/>\n<link rel=\"canonical\" href=\"https:\/\/texia.com\/fr\/politique-de-confidentialite\/\" \/>\n<meta property=\"og:locale\" content=\"fr_FR\" \/>\n<meta property=\"og:type\" content=\"article\" \/>\n<meta property=\"og:title\" content=\"Politique de confidentialit\u00e9 - Texia\" \/>\n<meta property=\"og:description\" content=\"TEXIA GUASCH GROUP, S.L. (ci-apr\u00e8s d\u00e9sign\u00e9e TEXIA) s\u2019engage \u00e0 respecter la vie priv\u00e9e de ses utilisateurs et \u00e0 prot\u00e9ger les donn\u00e9es \u00e0 caract\u00e8re personnel\" \/>\n<meta property=\"og:url\" content=\"https:\/\/texia.com\/fr\/politique-de-confidentialite\/\" \/>\n<meta property=\"og:site_name\" content=\"Texia\" \/>\n<meta property=\"article:modified_time\" content=\"2023-07-05T14:38:58+00:00\" \/>\n<meta name=\"twitter:card\" content=\"summary_large_image\" \/>\n<meta name=\"twitter:label1\" content=\"Dur\u00e9e de lecture estim\u00e9e\" \/>\n\t<meta name=\"twitter:data1\" content=\"3 minutes\" \/>\n<script type=\"application\/ld+json\" class=\"yoast-schema-graph\">{\"@context\":\"https:\\\/\\\/schema.org\",\"@graph\":[{\"@type\":\"WebPage\",\"@id\":\"https:\\\/\\\/texia.com\\\/fr\\\/politique-de-confidentialite\\\/\",\"url\":\"https:\\\/\\\/texia.com\\\/fr\\\/politique-de-confidentialite\\\/\",\"name\":\"Politique de confidentialit\u00e9 - Texia\",\"isPartOf\":{\"@id\":\"https:\\\/\\\/texia.com\\\/fr\\\/#website\"},\"datePublished\":\"2022-03-30T09:27:15+00:00\",\"dateModified\":\"2023-07-05T14:38:58+00:00\",\"description\":\"TEXIA GUASCH GROUP, S.L. (ci-apr\u00e8s d\u00e9sign\u00e9e TEXIA) s\u2019engage \u00e0 respecter la vie priv\u00e9e de ses utilisateurs et \u00e0 prot\u00e9ger les donn\u00e9es \u00e0 caract\u00e8re personnel\",\"breadcrumb\":{\"@id\":\"https:\\\/\\\/texia.com\\\/fr\\\/politique-de-confidentialite\\\/#breadcrumb\"},\"inLanguage\":\"fr-FR\",\"potentialAction\":[{\"@type\":\"ReadAction\",\"target\":[\"https:\\\/\\\/texia.com\\\/fr\\\/politique-de-confidentialite\\\/\"]}]},{\"@type\":\"BreadcrumbList\",\"@id\":\"https:\\\/\\\/texia.com\\\/fr\\\/politique-de-confidentialite\\\/#breadcrumb\",\"itemListElement\":[{\"@type\":\"ListItem\",\"position\":1,\"name\":\"Portada\",\"item\":\"https:\\\/\\\/texia.com\\\/fr\\\/\"},{\"@type\":\"ListItem\",\"position\":2,\"name\":\"Politique de confidentialit\u00e9\"}]},{\"@type\":\"WebSite\",\"@id\":\"https:\\\/\\\/texia.com\\\/fr\\\/#website\",\"url\":\"https:\\\/\\\/texia.com\\\/fr\\\/\",\"name\":\"Texia\",\"description\":\"\",\"publisher\":{\"@id\":\"https:\\\/\\\/texia.com\\\/fr\\\/#organization\"},\"potentialAction\":[{\"@type\":\"SearchAction\",\"target\":{\"@type\":\"EntryPoint\",\"urlTemplate\":\"https:\\\/\\\/texia.com\\\/fr\\\/?s={search_term_string}\"},\"query-input\":{\"@type\":\"PropertyValueSpecification\",\"valueRequired\":true,\"valueName\":\"search_term_string\"}}],\"inLanguage\":\"fr-FR\"},{\"@type\":\"Organization\",\"@id\":\"https:\\\/\\\/texia.com\\\/fr\\\/#organization\",\"name\":\"Texia\",\"url\":\"https:\\\/\\\/texia.com\\\/fr\\\/\",\"logo\":{\"@type\":\"ImageObject\",\"inLanguage\":\"fr-FR\",\"@id\":\"https:\\\/\\\/texia.com\\\/fr\\\/#\\\/schema\\\/logo\\\/image\\\/\",\"url\":\"https:\\\/\\\/texia.com\\\/wp-content\\\/uploads\\\/logo-texia.png\",\"contentUrl\":\"https:\\\/\\\/texia.com\\\/wp-content\\\/uploads\\\/logo-texia.png\",\"width\":194,\"height\":59,\"caption\":\"Texia\"},\"image\":{\"@id\":\"https:\\\/\\\/texia.com\\\/fr\\\/#\\\/schema\\\/logo\\\/image\\\/\"}}]}<\/script>\n<!-- \/ Yoast SEO plugin. -->","yoast_head_json":{"title":"Politique de confidentialit\u00e9 - Texia","description":"TEXIA GUASCH GROUP, S.L. (ci-apr\u00e8s d\u00e9sign\u00e9e TEXIA) s\u2019engage \u00e0 respecter la vie priv\u00e9e de ses utilisateurs et \u00e0 prot\u00e9ger les donn\u00e9es \u00e0 caract\u00e8re personnel","robots":{"index":"index","follow":"follow","max-snippet":"max-snippet:-1","max-image-preview":"max-image-preview:large","max-video-preview":"max-video-preview:-1"},"canonical":"https:\/\/texia.com\/fr\/politique-de-confidentialite\/","og_locale":"fr_FR","og_type":"article","og_title":"Politique de confidentialit\u00e9 - Texia","og_description":"TEXIA GUASCH GROUP, S.L. (ci-apr\u00e8s d\u00e9sign\u00e9e TEXIA) s\u2019engage \u00e0 respecter la vie priv\u00e9e de ses utilisateurs et \u00e0 prot\u00e9ger les donn\u00e9es \u00e0 caract\u00e8re personnel","og_url":"https:\/\/texia.com\/fr\/politique-de-confidentialite\/","og_site_name":"Texia","article_modified_time":"2023-07-05T14:38:58+00:00","twitter_card":"summary_large_image","twitter_misc":{"Dur\u00e9e de lecture estim\u00e9e":"3 minutes"},"schema":{"@context":"https:\/\/schema.org","@graph":[{"@type":"WebPage","@id":"https:\/\/texia.com\/fr\/politique-de-confidentialite\/","url":"https:\/\/texia.com\/fr\/politique-de-confidentialite\/","name":"Politique de confidentialit\u00e9 - Texia","isPartOf":{"@id":"https:\/\/texia.com\/fr\/#website"},"datePublished":"2022-03-30T09:27:15+00:00","dateModified":"2023-07-05T14:38:58+00:00","description":"TEXIA GUASCH GROUP, S.L. (ci-apr\u00e8s d\u00e9sign\u00e9e TEXIA) s\u2019engage \u00e0 respecter la vie priv\u00e9e de ses utilisateurs et \u00e0 prot\u00e9ger les donn\u00e9es \u00e0 caract\u00e8re personnel","breadcrumb":{"@id":"https:\/\/texia.com\/fr\/politique-de-confidentialite\/#breadcrumb"},"inLanguage":"fr-FR","potentialAction":[{"@type":"ReadAction","target":["https:\/\/texia.com\/fr\/politique-de-confidentialite\/"]}]},{"@type":"BreadcrumbList","@id":"https:\/\/texia.com\/fr\/politique-de-confidentialite\/#breadcrumb","itemListElement":[{"@type":"ListItem","position":1,"name":"Portada","item":"https:\/\/texia.com\/fr\/"},{"@type":"ListItem","position":2,"name":"Politique de confidentialit\u00e9"}]},{"@type":"WebSite","@id":"https:\/\/texia.com\/fr\/#website","url":"https:\/\/texia.com\/fr\/","name":"Texia","description":"","publisher":{"@id":"https:\/\/texia.com\/fr\/#organization"},"potentialAction":[{"@type":"SearchAction","target":{"@type":"EntryPoint","urlTemplate":"https:\/\/texia.com\/fr\/?s={search_term_string}"},"query-input":{"@type":"PropertyValueSpecification","valueRequired":true,"valueName":"search_term_string"}}],"inLanguage":"fr-FR"},{"@type":"Organization","@id":"https:\/\/texia.com\/fr\/#organization","name":"Texia","url":"https:\/\/texia.com\/fr\/","logo":{"@type":"ImageObject","inLanguage":"fr-FR","@id":"https:\/\/texia.com\/fr\/#\/schema\/logo\/image\/","url":"https:\/\/texia.com\/wp-content\/uploads\/logo-texia.png","contentUrl":"https:\/\/texia.com\/wp-content\/uploads\/logo-texia.png","width":194,"height":59,"caption":"Texia"},"image":{"@id":"https:\/\/texia.com\/fr\/#\/schema\/logo\/image\/"}}]}},"_links":{"self":[{"href":"https:\/\/texia.com\/fr\/wp-json\/wp\/v2\/pages\/1107","targetHints":{"allow":["GET"]}}],"collection":[{"href":"https:\/\/texia.com\/fr\/wp-json\/wp\/v2\/pages"}],"about":[{"href":"https:\/\/texia.com\/fr\/wp-json\/wp\/v2\/types\/page"}],"author":[{"embeddable":true,"href":"https:\/\/texia.com\/fr\/wp-json\/wp\/v2\/users\/1"}],"replies":[{"embeddable":true,"href":"https:\/\/texia.com\/fr\/wp-json\/wp\/v2\/comments?post=1107"}],"version-history":[{"count":0,"href":"https:\/\/texia.com\/fr\/wp-json\/wp\/v2\/pages\/1107\/revisions"}],"wp:attachment":[{"href":"https:\/\/texia.com\/fr\/wp-json\/wp\/v2\/media?parent=1107"}],"curies":[{"name":"wp","href":"https:\/\/api.w.org\/{rel}","templated":true}]}}