{"id":1100,"date":"2023-05-19T07:47:07","date_gmt":"2023-05-19T07:47:07","guid":{"rendered":"http:\/\/texia.com\/?page_id=1100"},"modified":"2023-07-05T14:37:51","modified_gmt":"2023-07-05T14:37:51","slug":"avis-legal","status":"publish","type":"page","link":"https:\/\/texia.com\/fr\/avis-legal\/","title":{"rendered":"Mentions l\u00e9gales"},"content":{"rendered":"\n<p><\/p>\n\n\n\n<p>Conform\u00e9ment aux dispositions de l\u2019article 10 de la Loi 34\/2002 du 11 juillet relative aux services de la soci\u00e9t\u00e9 de l\u2019information et au commerce \u00e9lectronique, nous vous informons que le domaine <a href=\"http:\/\/texia.ddev.site\">www.texia.com<\/a> appartient \u00e0 l\u2019entreprise <strong>TEXIA GUASCH GROUP, S.L.<\/strong> (ci-apr\u00e8s d\u00e9sign\u00e9e TEXIA), titulaire du code d\u2019identification fiscale CIF n\u00ba B-67154757, domicili\u00e9e \u00e0 Pol\u00edgono Industrial El Mas, s\/n, E-08691 Monistrol de Montserrat, Barcelone, Espagne, et dont l\u2019adresse e-mail de contact est la suivante : <a href=\"mailto:info@texia.com\">info@texia.com<\/a>.<\/p>\n\n\n\n<p>L\u2019entreprise est inscrite au registre du commerce de Barcelone, tome 5343, folio 163, feuille 57896, 1e inscription.<\/p>\n\n\n\n<p><strong>CONDITIONS D\u2019UTILISATION<\/strong><\/p>\n\n\n\n<p>L\u2019entreprise TEXIA se consacre \u00e0 la teinture, \u00e0 l\u2019impression et au finissage de textiles, ainsi qu\u2019\u00e0 la fabrication et \u00e0 la vente de produits textiles.<\/p>\n\n\n\n<p>L\u2019utilisation du pr\u00e9sent <em>site Web<\/em> sera soumise aux pr\u00e9sentes Conditions d\u2019utilisation, de m\u00eame que les contenus et les services qui y sont mis \u00e0 la disposition des utilisateurs. En cons\u00e9quence, nous vous prions de bien vouloir lire attentivement ces conditions car elles contiennent toutes les informations relatives \u00e0 vos droits et \u00e0 vos obligations.<\/p>\n\n\n\n<p>Le simple acc\u00e8s au <em>site Web<\/em> conf\u00e8re \u00e0 l\u2019int\u00e9ress\u00e9 la qualit\u00e9 d\u2019 \u00ab utilisateur \u00bb et, \u00e0 ce titre, celui-ci accepte de mani\u00e8re expresse, automatique et volontaire de se soumettre \u00e0 toutes les conditions g\u00e9n\u00e9rales en vigueur \u00e0 tout moment o\u00f9 il acc\u00e9dera audit site. TEXIA se r\u00e9serve, en exclusivit\u00e9, le droit de modifier \u00e0 tout moment les pr\u00e9sentes Conditions d\u2019utilisation, que ce soit pour des raisons l\u00e9gales ou de son propre fait, et s\u2019engage \u00e0 publier ou \u00e0 notifier les modifications qu\u2019elle aurait introduites, consid\u00e9rant ainsi que l\u2019utilisateur les accepte s\u2019il poursuit sa navigation sur le site.<\/p>\n\n\n\n<p>\u00c0 certaines occasions, par suite de l\u2019inclusion de nouveaux contenus ou de services sp\u00e9cifiques propos\u00e9s sur le <em>site Web<\/em>, les pr\u00e9sentes conditions pourront \u00eatre compl\u00e9t\u00e9es ou remplac\u00e9es par des Conditions particuli\u00e8res. En cas de contradiction entre les deux, de quelque nature qu\u2019elle soit, les Conditions particuli\u00e8res pr\u00e9vaudront.<\/p>\n\n\n\n<p>De m\u00eame, TEXIA se r\u00e9serve le droit de modifier unilat\u00e9ralement, \u00e0 tout moment et sans n\u00e9cessit\u00e9 de pr\u00e9avis, la structure et la conception du <em>site Web<\/em>, ainsi que de modifier ou d\u2019\u00e9liminer des services ou des contenus, et les conditions d\u2019utilisation dudit site.<\/p>\n\n\n\n<p><strong>OBLIGATIONS ET RESPONSABILIT\u00c9S DES UTILISATEURS<\/strong><\/p>\n\n\n\n<p>Au cours de sa navigation sur le pr\u00e9sent <em>site Web<\/em>, l\u2019utilisateur s\u2019engage \u00e0 en faire un bon usage sans d\u00e9roger \u00e0 la l\u00e9gislation en vigueur, \u00e0 la bonne foi, aux bonnes m\u0153urs et \u00e0 l\u2019ordre public. En cons\u00e9quence, l\u2019utilisation du pr\u00e9sent <em>site Web<\/em> \u00e0 des fins illicites, trompeuses, malveillantes ou nuisant d\u2019une quelconque mani\u00e8re \u00e0 TEXIA ou \u00e0 des tiers est interdite.<\/p>\n\n\n\n<p>Le pr\u00e9sent site doit \u00eatre utilis\u00e9 d\u2019une mani\u00e8re correcte et appropri\u00e9e, de sorte que l\u2019utilisateur s\u2019engage \u00e0 ne commettre aucune action susceptible de nuire \u00e0 l\u2019image, aux int\u00e9r\u00eats ou aux droits de TEXIA ou de tiers, ou qui pourrait endommager le<em> site Web<\/em>, le rendre inutilisable ou le surcharger, ou qui emp\u00eacherait, d\u2019une quelconque mani\u00e8re, son utilisation normale. De m\u00eame, l\u2019utilisateur du pr\u00e9sent <em>site Web<\/em> devra s\u2019abstenir d\u2019essayer d\u2019acc\u00e9der, d\u2019utiliser ou de manipuler les donn\u00e9es de TEXIA.<\/p>\n\n\n\n<p>En ce qui concerne les contenus ou services pour lesquels l\u2019utilisateur devrait saisir des donn\u00e9es \u00e0 caract\u00e8re personnel, celui-ci s\u2019engage \u00e0 fournir des informations sinc\u00e8res lors de la saisie de ses donn\u00e9es. \u00c0 cet \u00e9gard, l\u2019utilisateur sera le seul responsable des d\u00e9clarations inexactes ou fausses qu\u2019il aurait faites et de tout pr\u00e9judice qu\u2019il pourrait causer \u00e0 TEXIA ou \u00e0 des tiers d\u00e9coulant desdites informations.<\/p>\n\n\n\n<p>TEXIA prend les mesures de s\u00e9curit\u00e9 raisonnablement appropri\u00e9es pour d\u00e9tecter la pr\u00e9sence de virus. N\u00e9anmoins, l\u2019utilisateur doit \u00eatre conscient du fait que les mesures de s\u00e9curit\u00e9 des syst\u00e8mes informatiques sur Internet ne sont pas totalement fiables et que, par cons\u00e9quent, TEXIA ne peut garantir l\u2019absence de virus ou d\u2019autres \u00e9l\u00e9ments susceptibles d\u2019endommager les syst\u00e8mes informatiques (logiciels et mat\u00e9riel informatique) ou les documents et les fichiers \u00e9lectroniques de l\u2019utilisateur.<\/p>\n\n\n\n<p>De son c\u00f4t\u00e9, l\u2019utilisateur est pri\u00e9 de s\u2019abstenir d\u2019introduire ou de diffuser sur le r\u00e9seau des virus informatiques ou autres syst\u00e8mes physiques ou logiques qui pourraient provoquer des dommages dans les syst\u00e8mes physiques ou logiques de TEXIA ou de tiers.<\/p>\n\n\n\n<p>Enfin, TEXIA se r\u00e9serve le droit de bloquer l\u2019acc\u00e8s \u00e0 un utilisateur en cas d\u2019indice d\u2019utilisation frauduleuse des services propos\u00e9s sur le site, et d\u2019entreprendre les actions l\u00e9gales n\u00e9cessaires en d\u00e9fense de ses int\u00e9r\u00eats ou de suspendre temporairement, et sans pr\u00e9avis, l\u2019accessibilit\u00e9 \u00e0 <a href=\"http:\/\/texia.ddev.site\">www.texia.com<\/a> pour r\u00e9aliser des op\u00e9rations de maintenance, de r\u00e9paration, de mise \u00e0 jour ou d\u2019am\u00e9lioration.<\/p>\n\n\n\n<p><strong>PROPRI\u00c9T\u00c9 INTELLECTUELLE ET INDUSTRIELLE. ADMISSION DE LIENS RETOURS\/HYPERLIENS<\/strong><\/p>\n\n\n\n<p>Les contenus affich\u00e9s sur <a href=\"http:\/\/texia.ddev.site\">www.texia.com<\/a>, notamment les designs, les textes, les images ou photographies, les graphiques, les logos, les ic\u00f4nes, les boutons, les logiciels, les noms commerciaux, les marques ou tout autre signe susceptible d\u2019\u00eatre utilis\u00e9 \u00e0 des fins commerciales ou industrielles, sont soumis \u00e0 la l\u00e9gislation en mati\u00e8re de propri\u00e9t\u00e9 intellectuelle et industrielle, et appartiennent \u00e0 TEXIA ou \u00e0 des tiers qui en seraient titulaires et qui auraient autoris\u00e9 formellement leur inclusion sur le <em>site Web<\/em>.<\/p>\n\n\n\n<p>Aucune licence ou renoncement, transmission, cession totale ou partielle desdits droits, ni aucune concession de droit ou d\u2019attente de droit ne seront consid\u00e9r\u00e9s \u00e0 aucun titre comme \u00e9tant accord\u00e9s, notamment ceux d\u2019alt\u00e9ration, d\u2019exploitation, de reproduction, de distribution ou de communication publique, sur lesdits contenus sans l\u2019autorisation expresse pr\u00e9alable de TEXIA ou des titulaires correspondants.<\/p>\n\n\n\n<p>Par ailleurs, aux termes des pr\u00e9sentes conditions, l\u2019utilisateur s\u2019engage \u00e0 ne reproduire en aucune fa\u00e7on le site Web, de m\u00eame qu\u2019aucun de ses contenus, sauf autorisation expresse de TEXIA, par \u00e9crit.<\/p>\n\n\n\n<p>Toutefois, l\u2019utilisateur se voit accord\u00e9 un droit limit\u00e9, r\u00e9vocable et non exclusif pour cr\u00e9er des liens uniquement vers la page principale du <em>site Web<\/em> pour un usage priv\u00e9 et non commercial (hyperlien\/lien retour). Ces sites Internet qui incluent un lien vers notre <em>site Web<\/em> :<\/p>\n\n\n\n<ul class=\"wp-block-list\">\n<li>Ne devront pas laisser entendre que TEXIA recommande ledit site Internet ou ses services ou produits, ni falsifier sa relation avec TEXIA&nbsp;;<\/li>\n\n\n\n<li>Ne devront pas inclure de contenus consid\u00e9r\u00e9s de mauvais go\u00fbt, obsc\u00e8nes, offensifs, controvers\u00e9s, incitant \u00e0 la violence ou \u00e0 la discrimination pour des raisons de sexe, de race ou de religion, contraires \u00e0 l\u2019ordre public ou illicites&nbsp;;<\/li>\n\n\n\n<li>Devront renvoyer au <em>site Web<\/em> proprement dit, sans permettre que ledit site Internet reproduise celui-ci comme faisant partie de son site Internet, ou qu\u2019il l\u2019introduise dans l\u2019un de ses \u00ab&nbsp;cadres&nbsp;\u00bb ou qu\u2019il cr\u00e9e un \u00ab&nbsp;navigateur&nbsp;\u00bb sur l\u2019une des pages du <em>site Web<\/em>. TEXIA pourra exiger, \u00e0 tout moment, la suppression d\u2019un quelconque lien vers son <em>site Web<\/em>, puis devra imm\u00e9diatement l\u2019\u00e9liminer.<\/li>\n<\/ul>\n\n\n\n<p>TEXIA ne peut pas contr\u00f4ler les informations, les contenus, les produits ou les services fournis par d\u2019autres sites Internet ayant \u00e9tabli des liens vers le pr\u00e9sent <em>site Web<\/em>. En cons\u00e9quence, nous d\u00e9clinons toute responsabilit\u00e9 concernant un quelconque aspect li\u00e9 auxdits sites Internet.<\/p>\n\n\n\n<p>TEXIA autorise l\u2019\u00e9tablissement de liens de tout autre site Internet vers son site Web sans le consentement pr\u00e9alable et express de TEXIA.<\/p>\n\n\n\n<p><strong>RESPONSABILIT\u00c9 DE L\u2019ENTREPRISE<\/strong><\/p>\n\n\n\n<p>TEXIA d\u00e9cline toute responsabilit\u00e9 concernant les d\u00e9ficiences du service de son centre serveur, ainsi que des r\u00e9seaux de communication, des probl\u00e8mes d\u00e9coulant du mauvais fonctionnement ou de l\u2019utilisation de versions non optimis\u00e9es de tout type de navigateur. De m\u00eame, TEXIA ne sera pas tenue responsable d\u2019une quelconque interruption du service pouvant d\u00e9couler de coupures prolong\u00e9es de courant, des lignes de t\u00e9l\u00e9communication, de conflits sociaux, de gr\u00e8ves, d\u2019explosions, d\u2019inondations, d\u2019actes ou d\u2019omissions du gouvernement et, en g\u00e9n\u00e9ral, de tous les cas de force majeure ou de cas fortuits.<\/p>\n\n\n\n<p>L\u2019acc\u00e8s au <em>site Web<\/em> ainsi que l\u2019utilisation des informations contenues dans celui-ci rel\u00e8vent de la responsabilit\u00e9 exclusive de quiconque le r\u00e9alise.<\/p>\n\n\n\n<p>TEXIA ne r\u00e9pondra d\u2019aucune cons\u00e9quence, dommage ou pr\u00e9judice pouvant d\u00e9couler dudit acc\u00e8s ou de l\u2019utilisation des informations, et sera uniquement responsable de supprimer, dans les plus brefs d\u00e9lais, les contenus qui pourraient entra\u00eener un quelconque dommage ou pr\u00e9judice, \u00e0 condition d\u2019en \u00eatre avis\u00e9e ou d\u2019en avoir effectivement connaissance.<\/p>\n\n\n\n<p>TEXIA d\u00e9cline toute responsabilit\u00e9 concernant les \u00e9ventuelles erreurs de s\u00e9curit\u00e9 qui pourraient \u00eatre commises et les \u00e9ventuels dommages qui pourraient \u00eatre caus\u00e9s au syst\u00e8me informatique de l\u2019utilisateur, ainsi qu\u2019aux fichiers et aux documents qui y sont stock\u00e9s, par suite de la pr\u00e9sence de virus dans le terminal utilis\u00e9 par l\u2019utilisateur pour se connecter aux services et aux contenus du site Web, ou d\u2019un mauvais fonctionnement du navigateur ou de l\u2019utilisation de versions non actualis\u00e9es de celui-ci, de pannes de t\u00e9l\u00e9phone, d\u2019interf\u00e9rences, d\u2019omissions ou de d\u00e9connexions dans le fonctionnement op\u00e9rationnel du syst\u00e8me \u00e9lectronique, pour des causes \u00e9trang\u00e8res \u00e0 TEXIA.<\/p>\n\n\n\n<p><strong>R\u00c9SOLUTION DE CONFLITS. LOI APPLICABLE ET JURIDICTION<\/strong><\/p>\n\n\n\n<p>Les pr\u00e9sentes Conditions g\u00e9n\u00e9rales d\u2019utilisation seront r\u00e9gies par la l\u00e9gislation espagnole et, en particulier, par la l\u00e9gislation en mati\u00e8re de protection des donn\u00e9es \u00e0 caract\u00e8re personnel (Loi organique 15\/1999 du 13 d\u00e9cembre relative \u00e0 la protection des donn\u00e9es \u00e0 caract\u00e8re personnel et R\u00e8glement g\u00e9n\u00e9ral sur la protection des donn\u00e9es de la CE) et par la l\u00e9gislation en mati\u00e8re de services de la soci\u00e9t\u00e9 de l\u2019information (Loi 34\/2002 du 11 juillet relative aux services de la soci\u00e9t\u00e9 de l\u2019information et au commerce \u00e9lectronique). Tout litige sera r\u00e9solu devant les tribunaux de Barcelone.<\/p>\n","protected":false},"excerpt":{"rendered":"<p>Conform\u00e9ment aux dispositions de l\u2019article 10 de la Loi 34\/2002 du 11 juillet relative aux services de la soci\u00e9t\u00e9 de l\u2019information et au commerce \u00e9lectronique, nous vous informons que le &hellip;<\/p>\n","protected":false},"author":1,"featured_media":0,"parent":0,"menu_order":0,"comment_status":"closed","ping_status":"closed","template":"","meta":{"_acf_changed":false,"footnotes":""},"class_list":["post-1100","page","type-page","status-publish","hentry"],"acf":[],"yoast_head":"<!-- This site is optimized with the Yoast SEO plugin v27.2 - https:\/\/yoast.com\/product\/yoast-seo-wordpress\/ -->\n<title>Mentions l\u00e9gales - Texia<\/title>\n<meta name=\"description\" content=\"Conform\u00e9ment aux dispositions de l\u2019article 10 de la Loi 34\/2002 du 11 juillet relative aux services de la soci\u00e9t\u00e9 de l\u2019information et au commerce\" \/>\n<meta name=\"robots\" content=\"index, follow, max-snippet:-1, max-image-preview:large, max-video-preview:-1\" \/>\n<link rel=\"canonical\" href=\"https:\/\/texia.com\/fr\/avis-legal\/\" \/>\n<meta property=\"og:locale\" content=\"fr_FR\" \/>\n<meta property=\"og:type\" content=\"article\" \/>\n<meta property=\"og:title\" content=\"Mentions l\u00e9gales - Texia\" \/>\n<meta property=\"og:description\" content=\"Conform\u00e9ment aux dispositions de l\u2019article 10 de la Loi 34\/2002 du 11 juillet relative aux services de la soci\u00e9t\u00e9 de l\u2019information et au commerce\" \/>\n<meta property=\"og:url\" content=\"https:\/\/texia.com\/fr\/avis-legal\/\" \/>\n<meta property=\"og:site_name\" content=\"Texia\" \/>\n<meta property=\"article:modified_time\" content=\"2023-07-05T14:37:51+00:00\" \/>\n<meta name=\"twitter:card\" content=\"summary_large_image\" \/>\n<meta name=\"twitter:label1\" content=\"Dur\u00e9e de lecture estim\u00e9e\" \/>\n\t<meta name=\"twitter:data1\" content=\"7 minutes\" \/>\n<script type=\"application\/ld+json\" class=\"yoast-schema-graph\">{\"@context\":\"https:\/\/schema.org\",\"@graph\":[{\"@type\":\"WebPage\",\"@id\":\"https:\/\/texia.com\/fr\/avis-legal\/\",\"url\":\"https:\/\/texia.com\/fr\/avis-legal\/\",\"name\":\"Mentions l\u00e9gales - Texia\",\"isPartOf\":{\"@id\":\"https:\/\/texia.com\/fr\/#website\"},\"datePublished\":\"2023-05-19T07:47:07+00:00\",\"dateModified\":\"2023-07-05T14:37:51+00:00\",\"description\":\"Conform\u00e9ment aux dispositions de l\u2019article 10 de la Loi 34\/2002 du 11 juillet relative aux services de la soci\u00e9t\u00e9 de l\u2019information et au commerce\",\"breadcrumb\":{\"@id\":\"https:\/\/texia.com\/fr\/avis-legal\/#breadcrumb\"},\"inLanguage\":\"fr-FR\",\"potentialAction\":[{\"@type\":\"ReadAction\",\"target\":[\"https:\/\/texia.com\/fr\/avis-legal\/\"]}]},{\"@type\":\"BreadcrumbList\",\"@id\":\"https:\/\/texia.com\/fr\/avis-legal\/#breadcrumb\",\"itemListElement\":[{\"@type\":\"ListItem\",\"position\":1,\"name\":\"Portada\",\"item\":\"https:\/\/texia.com\/fr\/\"},{\"@type\":\"ListItem\",\"position\":2,\"name\":\"Mentions l\u00e9gales\"}]},{\"@type\":\"WebSite\",\"@id\":\"https:\/\/texia.com\/fr\/#website\",\"url\":\"https:\/\/texia.com\/fr\/\",\"name\":\"Texia\",\"description\":\"\",\"publisher\":{\"@id\":\"https:\/\/texia.com\/fr\/#organization\"},\"potentialAction\":[{\"@type\":\"SearchAction\",\"target\":{\"@type\":\"EntryPoint\",\"urlTemplate\":\"https:\/\/texia.com\/fr\/?s={search_term_string}\"},\"query-input\":{\"@type\":\"PropertyValueSpecification\",\"valueRequired\":true,\"valueName\":\"search_term_string\"}}],\"inLanguage\":\"fr-FR\"},{\"@type\":\"Organization\",\"@id\":\"https:\/\/texia.com\/fr\/#organization\",\"name\":\"Texia\",\"url\":\"https:\/\/texia.com\/fr\/\",\"logo\":{\"@type\":\"ImageObject\",\"inLanguage\":\"fr-FR\",\"@id\":\"https:\/\/texia.com\/fr\/#\/schema\/logo\/image\/\",\"url\":\"https:\/\/texia.com\/wp-content\/uploads\/logo-texia.png\",\"contentUrl\":\"https:\/\/texia.com\/wp-content\/uploads\/logo-texia.png\",\"width\":194,\"height\":59,\"caption\":\"Texia\"},\"image\":{\"@id\":\"https:\/\/texia.com\/fr\/#\/schema\/logo\/image\/\"}}]}<\/script>\n<!-- \/ Yoast SEO plugin. -->","yoast_head_json":{"title":"Mentions l\u00e9gales - Texia","description":"Conform\u00e9ment aux dispositions de l\u2019article 10 de la Loi 34\/2002 du 11 juillet relative aux services de la soci\u00e9t\u00e9 de l\u2019information et au commerce","robots":{"index":"index","follow":"follow","max-snippet":"max-snippet:-1","max-image-preview":"max-image-preview:large","max-video-preview":"max-video-preview:-1"},"canonical":"https:\/\/texia.com\/fr\/avis-legal\/","og_locale":"fr_FR","og_type":"article","og_title":"Mentions l\u00e9gales - Texia","og_description":"Conform\u00e9ment aux dispositions de l\u2019article 10 de la Loi 34\/2002 du 11 juillet relative aux services de la soci\u00e9t\u00e9 de l\u2019information et au commerce","og_url":"https:\/\/texia.com\/fr\/avis-legal\/","og_site_name":"Texia","article_modified_time":"2023-07-05T14:37:51+00:00","twitter_card":"summary_large_image","twitter_misc":{"Dur\u00e9e de lecture estim\u00e9e":"7 minutes"},"schema":{"@context":"https:\/\/schema.org","@graph":[{"@type":"WebPage","@id":"https:\/\/texia.com\/fr\/avis-legal\/","url":"https:\/\/texia.com\/fr\/avis-legal\/","name":"Mentions l\u00e9gales - Texia","isPartOf":{"@id":"https:\/\/texia.com\/fr\/#website"},"datePublished":"2023-05-19T07:47:07+00:00","dateModified":"2023-07-05T14:37:51+00:00","description":"Conform\u00e9ment aux dispositions de l\u2019article 10 de la Loi 34\/2002 du 11 juillet relative aux services de la soci\u00e9t\u00e9 de l\u2019information et au commerce","breadcrumb":{"@id":"https:\/\/texia.com\/fr\/avis-legal\/#breadcrumb"},"inLanguage":"fr-FR","potentialAction":[{"@type":"ReadAction","target":["https:\/\/texia.com\/fr\/avis-legal\/"]}]},{"@type":"BreadcrumbList","@id":"https:\/\/texia.com\/fr\/avis-legal\/#breadcrumb","itemListElement":[{"@type":"ListItem","position":1,"name":"Portada","item":"https:\/\/texia.com\/fr\/"},{"@type":"ListItem","position":2,"name":"Mentions l\u00e9gales"}]},{"@type":"WebSite","@id":"https:\/\/texia.com\/fr\/#website","url":"https:\/\/texia.com\/fr\/","name":"Texia","description":"","publisher":{"@id":"https:\/\/texia.com\/fr\/#organization"},"potentialAction":[{"@type":"SearchAction","target":{"@type":"EntryPoint","urlTemplate":"https:\/\/texia.com\/fr\/?s={search_term_string}"},"query-input":{"@type":"PropertyValueSpecification","valueRequired":true,"valueName":"search_term_string"}}],"inLanguage":"fr-FR"},{"@type":"Organization","@id":"https:\/\/texia.com\/fr\/#organization","name":"Texia","url":"https:\/\/texia.com\/fr\/","logo":{"@type":"ImageObject","inLanguage":"fr-FR","@id":"https:\/\/texia.com\/fr\/#\/schema\/logo\/image\/","url":"https:\/\/texia.com\/wp-content\/uploads\/logo-texia.png","contentUrl":"https:\/\/texia.com\/wp-content\/uploads\/logo-texia.png","width":194,"height":59,"caption":"Texia"},"image":{"@id":"https:\/\/texia.com\/fr\/#\/schema\/logo\/image\/"}}]}},"_links":{"self":[{"href":"https:\/\/texia.com\/fr\/wp-json\/wp\/v2\/pages\/1100","targetHints":{"allow":["GET"]}}],"collection":[{"href":"https:\/\/texia.com\/fr\/wp-json\/wp\/v2\/pages"}],"about":[{"href":"https:\/\/texia.com\/fr\/wp-json\/wp\/v2\/types\/page"}],"author":[{"embeddable":true,"href":"https:\/\/texia.com\/fr\/wp-json\/wp\/v2\/users\/1"}],"replies":[{"embeddable":true,"href":"https:\/\/texia.com\/fr\/wp-json\/wp\/v2\/comments?post=1100"}],"version-history":[{"count":0,"href":"https:\/\/texia.com\/fr\/wp-json\/wp\/v2\/pages\/1100\/revisions"}],"wp:attachment":[{"href":"https:\/\/texia.com\/fr\/wp-json\/wp\/v2\/media?parent=1100"}],"curies":[{"name":"wp","href":"https:\/\/api.w.org\/{rel}","templated":true}]}}