{"id":379,"date":"2023-05-19T07:46:46","date_gmt":"2023-05-19T07:46:46","guid":{"rendered":"http:\/\/texia.com\/?page_id=379"},"modified":"2023-05-25T11:10:33","modified_gmt":"2023-05-25T11:10:33","slug":"trabaja-con-nosotros","status":"publish","type":"page","link":"https:\/\/texia.com\/es\/trabaja-con-nosotros\/","title":{"rendered":"Trabaja con nosotros"},"content":{"rendered":"<p class=\"title-2\">Si est\u00e1s interesado en formar parte del equipo de TEXIA, rellena el siguiente formulario y env\u00edanos tu curr\u00edculum vitae para tenerte en cuenta en futuras ofertas:<\/p>\n","protected":false},"excerpt":{"rendered":"<p>Si est\u00e1s interesado en formar parte del equipo de TEXIA, rellena el siguiente formulario y env\u00edanos tu curr\u00edculum vitae para tenerte en cuenta en futuras ofertas:<\/p>\n","protected":false},"author":1,"featured_media":0,"parent":0,"menu_order":0,"comment_status":"closed","ping_status":"closed","template":"page-templates\/page-careers.php","meta":{"_acf_changed":false,"footnotes":""},"class_list":["post-379","page","type-page","status-publish","hentry"],"acf":[],"yoast_head":"<!-- This site is optimized with the Yoast SEO plugin v27.4 - https:\/\/yoast.com\/product\/yoast-seo-wordpress\/ -->\n<title>Trabaja con nosotros - Texia<\/title>\n<meta name=\"description\" content=\"Si est\u00e1s interesado en formar parte del equipo de TEXIA, rellena el siguiente formulario y env\u00edanos tu curr\u00edculum vitae para tenerte en cuenta en futuras\" \/>\n<meta name=\"robots\" content=\"index, follow, max-snippet:-1, max-image-preview:large, max-video-preview:-1\" \/>\n<link rel=\"canonical\" href=\"https:\/\/texia.com\/es\/trabaja-con-nosotros\/\" \/>\n<meta property=\"og:locale\" content=\"es_ES\" \/>\n<meta property=\"og:type\" content=\"article\" \/>\n<meta property=\"og:title\" content=\"Trabaja con nosotros - Texia\" \/>\n<meta property=\"og:description\" content=\"Si est\u00e1s interesado en formar parte del equipo de TEXIA, rellena el siguiente formulario y env\u00edanos tu curr\u00edculum vitae para tenerte en cuenta en futuras\" \/>\n<meta property=\"og:url\" content=\"https:\/\/texia.com\/es\/trabaja-con-nosotros\/\" \/>\n<meta property=\"og:site_name\" content=\"Texia\" \/>\n<meta property=\"article:modified_time\" content=\"2023-05-25T11:10:33+00:00\" \/>\n<meta name=\"twitter:card\" content=\"summary_large_image\" \/>\n<meta name=\"twitter:label1\" content=\"Tiempo de lectura\" \/>\n\t<meta name=\"twitter:data1\" content=\"1 minuto\" \/>\n<script type=\"application\/ld+json\" class=\"yoast-schema-graph\">{\"@context\":\"https:\\\/\\\/schema.org\",\"@graph\":[{\"@type\":\"WebPage\",\"@id\":\"https:\\\/\\\/texia.com\\\/es\\\/trabaja-con-nosotros\\\/\",\"url\":\"https:\\\/\\\/texia.com\\\/es\\\/trabaja-con-nosotros\\\/\",\"name\":\"Trabaja con nosotros - Texia\",\"isPartOf\":{\"@id\":\"https:\\\/\\\/texia.com\\\/es\\\/#website\"},\"datePublished\":\"2023-05-19T07:46:46+00:00\",\"dateModified\":\"2023-05-25T11:10:33+00:00\",\"description\":\"Si est\u00e1s interesado en formar parte del equipo de TEXIA, rellena el siguiente formulario y env\u00edanos tu curr\u00edculum vitae para tenerte en cuenta en futuras\",\"breadcrumb\":{\"@id\":\"https:\\\/\\\/texia.com\\\/es\\\/trabaja-con-nosotros\\\/#breadcrumb\"},\"inLanguage\":\"es\",\"potentialAction\":[{\"@type\":\"ReadAction\",\"target\":[\"https:\\\/\\\/texia.com\\\/es\\\/trabaja-con-nosotros\\\/\"]}]},{\"@type\":\"BreadcrumbList\",\"@id\":\"https:\\\/\\\/texia.com\\\/es\\\/trabaja-con-nosotros\\\/#breadcrumb\",\"itemListElement\":[{\"@type\":\"ListItem\",\"position\":1,\"name\":\"Portada\",\"item\":\"https:\\\/\\\/texia.com\\\/es\\\/\"},{\"@type\":\"ListItem\",\"position\":2,\"name\":\"Trabaja con nosotros\"}]},{\"@type\":\"WebSite\",\"@id\":\"https:\\\/\\\/texia.com\\\/es\\\/#website\",\"url\":\"https:\\\/\\\/texia.com\\\/es\\\/\",\"name\":\"Texia\",\"description\":\"\",\"publisher\":{\"@id\":\"https:\\\/\\\/texia.com\\\/es\\\/#organization\"},\"potentialAction\":[{\"@type\":\"SearchAction\",\"target\":{\"@type\":\"EntryPoint\",\"urlTemplate\":\"https:\\\/\\\/texia.com\\\/es\\\/?s={search_term_string}\"},\"query-input\":{\"@type\":\"PropertyValueSpecification\",\"valueRequired\":true,\"valueName\":\"search_term_string\"}}],\"inLanguage\":\"es\"},{\"@type\":\"Organization\",\"@id\":\"https:\\\/\\\/texia.com\\\/es\\\/#organization\",\"name\":\"Texia\",\"url\":\"https:\\\/\\\/texia.com\\\/es\\\/\",\"logo\":{\"@type\":\"ImageObject\",\"inLanguage\":\"es\",\"@id\":\"https:\\\/\\\/texia.com\\\/es\\\/#\\\/schema\\\/logo\\\/image\\\/\",\"url\":\"https:\\\/\\\/texia.com\\\/wp-content\\\/uploads\\\/logo-texia.png\",\"contentUrl\":\"https:\\\/\\\/texia.com\\\/wp-content\\\/uploads\\\/logo-texia.png\",\"width\":194,\"height\":59,\"caption\":\"Texia\"},\"image\":{\"@id\":\"https:\\\/\\\/texia.com\\\/es\\\/#\\\/schema\\\/logo\\\/image\\\/\"}}]}<\/script>\n<!-- \/ Yoast SEO plugin. -->","yoast_head_json":{"title":"Trabaja con nosotros - Texia","description":"Si est\u00e1s interesado en formar parte del equipo de TEXIA, rellena el siguiente formulario y env\u00edanos tu curr\u00edculum vitae para tenerte en cuenta en futuras","robots":{"index":"index","follow":"follow","max-snippet":"max-snippet:-1","max-image-preview":"max-image-preview:large","max-video-preview":"max-video-preview:-1"},"canonical":"https:\/\/texia.com\/es\/trabaja-con-nosotros\/","og_locale":"es_ES","og_type":"article","og_title":"Trabaja con nosotros - Texia","og_description":"Si est\u00e1s interesado en formar parte del equipo de TEXIA, rellena el siguiente formulario y env\u00edanos tu curr\u00edculum vitae para tenerte en cuenta en futuras","og_url":"https:\/\/texia.com\/es\/trabaja-con-nosotros\/","og_site_name":"Texia","article_modified_time":"2023-05-25T11:10:33+00:00","twitter_card":"summary_large_image","twitter_misc":{"Tiempo de lectura":"1 minuto"},"schema":{"@context":"https:\/\/schema.org","@graph":[{"@type":"WebPage","@id":"https:\/\/texia.com\/es\/trabaja-con-nosotros\/","url":"https:\/\/texia.com\/es\/trabaja-con-nosotros\/","name":"Trabaja con nosotros - Texia","isPartOf":{"@id":"https:\/\/texia.com\/es\/#website"},"datePublished":"2023-05-19T07:46:46+00:00","dateModified":"2023-05-25T11:10:33+00:00","description":"Si est\u00e1s interesado en formar parte del equipo de TEXIA, rellena el siguiente formulario y env\u00edanos tu curr\u00edculum vitae para tenerte en cuenta en futuras","breadcrumb":{"@id":"https:\/\/texia.com\/es\/trabaja-con-nosotros\/#breadcrumb"},"inLanguage":"es","potentialAction":[{"@type":"ReadAction","target":["https:\/\/texia.com\/es\/trabaja-con-nosotros\/"]}]},{"@type":"BreadcrumbList","@id":"https:\/\/texia.com\/es\/trabaja-con-nosotros\/#breadcrumb","itemListElement":[{"@type":"ListItem","position":1,"name":"Portada","item":"https:\/\/texia.com\/es\/"},{"@type":"ListItem","position":2,"name":"Trabaja con nosotros"}]},{"@type":"WebSite","@id":"https:\/\/texia.com\/es\/#website","url":"https:\/\/texia.com\/es\/","name":"Texia","description":"","publisher":{"@id":"https:\/\/texia.com\/es\/#organization"},"potentialAction":[{"@type":"SearchAction","target":{"@type":"EntryPoint","urlTemplate":"https:\/\/texia.com\/es\/?s={search_term_string}"},"query-input":{"@type":"PropertyValueSpecification","valueRequired":true,"valueName":"search_term_string"}}],"inLanguage":"es"},{"@type":"Organization","@id":"https:\/\/texia.com\/es\/#organization","name":"Texia","url":"https:\/\/texia.com\/es\/","logo":{"@type":"ImageObject","inLanguage":"es","@id":"https:\/\/texia.com\/es\/#\/schema\/logo\/image\/","url":"https:\/\/texia.com\/wp-content\/uploads\/logo-texia.png","contentUrl":"https:\/\/texia.com\/wp-content\/uploads\/logo-texia.png","width":194,"height":59,"caption":"Texia"},"image":{"@id":"https:\/\/texia.com\/es\/#\/schema\/logo\/image\/"}}]}},"_links":{"self":[{"href":"https:\/\/texia.com\/es\/wp-json\/wp\/v2\/pages\/379","targetHints":{"allow":["GET"]}}],"collection":[{"href":"https:\/\/texia.com\/es\/wp-json\/wp\/v2\/pages"}],"about":[{"href":"https:\/\/texia.com\/es\/wp-json\/wp\/v2\/types\/page"}],"author":[{"embeddable":true,"href":"https:\/\/texia.com\/es\/wp-json\/wp\/v2\/users\/1"}],"replies":[{"embeddable":true,"href":"https:\/\/texia.com\/es\/wp-json\/wp\/v2\/comments?post=379"}],"version-history":[{"count":0,"href":"https:\/\/texia.com\/es\/wp-json\/wp\/v2\/pages\/379\/revisions"}],"wp:attachment":[{"href":"https:\/\/texia.com\/es\/wp-json\/wp\/v2\/media?parent=379"}],"curies":[{"name":"wp","href":"https:\/\/api.w.org\/{rel}","templated":true}]}}