{"id":334,"date":"2023-05-18T14:51:07","date_gmt":"2023-05-18T14:51:07","guid":{"rendered":"http:\/\/texia.com\/?page_id=334"},"modified":"2026-03-12T16:33:49","modified_gmt":"2026-03-12T16:33:49","slug":"nuestras-marcas","status":"publish","type":"page","link":"https:\/\/texia.com\/es\/nuestras-marcas\/","title":{"rendered":"Nuestras marcas"},"content":{"rendered":"\n<div class=\"wp-block-columns is-layout-flex wp-container-core-columns-is-layout-9d6595d7 wp-block-columns-is-layout-flex\">\n<div class=\"wp-block-column is-layout-flow wp-block-column-is-layout-flow\">\n<p>En 1995, y ante la creciente competencia de los pa\u00edses asi\u00e1ticos, decidimos dar un giro a nuestro modelo de negocio para garantizar la viabilidad de la compa\u00f1\u00eda a largo plazo y diferenciarse de los productos textiles tradicionales.&nbsp;<\/p>\n<\/div>\n\n\n\n<div class=\"wp-block-column is-layout-flow wp-block-column-is-layout-flow\">\n<p>Fue entonces cuando naci\u00f3 ROLL DRAP y, quince a\u00f1os despu\u00e9s, MY DRAP. Una maniobra de anticipaci\u00f3n que nos ha permitido sobrevivir y crecer en plena crisis del sector textil, generar recursos propios, abrir nuevos mercados y ser l\u00edderes en diferentes segmentos gracias a la calidad de nuestros productos.<\/p>\n<\/div>\n<\/div>\n\n\n\n<p><\/p>\n","protected":false},"excerpt":{"rendered":"<p>En 1995, y ante la creciente competencia de los pa\u00edses asi\u00e1ticos, decidimos dar un giro a nuestro modelo de negocio para garantizar la viabilidad de la compa\u00f1\u00eda a largo plazo &hellip;<\/p>\n","protected":false},"author":1,"featured_media":678,"parent":0,"menu_order":0,"comment_status":"closed","ping_status":"closed","template":"page-templates\/page-flexible.php","meta":{"_acf_changed":false,"footnotes":""},"class_list":["post-334","page","type-page","status-publish","has-post-thumbnail","hentry"],"acf":[],"yoast_head":"<!-- This site is optimized with the Yoast SEO plugin v27.2 - https:\/\/yoast.com\/product\/yoast-seo-wordpress\/ -->\n<title>Nuestras marcas - Texia<\/title>\n<meta name=\"description\" content=\"En 1995, y ante la creciente competencia de los pa\u00edses asi\u00e1ticos, decidimos dar un giro a nuestro modelo de negocio para garantizar la viabilidad de la\" \/>\n<meta name=\"robots\" content=\"index, follow, max-snippet:-1, max-image-preview:large, max-video-preview:-1\" \/>\n<link rel=\"canonical\" href=\"https:\/\/texia.com\/es\/nuestras-marcas\/\" \/>\n<meta property=\"og:locale\" content=\"es_ES\" \/>\n<meta property=\"og:type\" content=\"article\" \/>\n<meta property=\"og:title\" content=\"Nuestras marcas - Texia\" \/>\n<meta property=\"og:description\" content=\"En 1995, y ante la creciente competencia de los pa\u00edses asi\u00e1ticos, decidimos dar un giro a nuestro modelo de negocio para garantizar la viabilidad de la\" \/>\n<meta property=\"og:url\" content=\"https:\/\/texia.com\/es\/nuestras-marcas\/\" \/>\n<meta property=\"og:site_name\" content=\"Texia\" \/>\n<meta property=\"article:modified_time\" content=\"2026-03-12T16:33:49+00:00\" \/>\n<meta property=\"og:image\" content=\"http:\/\/texia.com\/wp-content\/uploads\/img-nuestras-marcas-header.jpg\" \/>\n\t<meta property=\"og:image:width\" content=\"1920\" \/>\n\t<meta property=\"og:image:height\" content=\"578\" \/>\n\t<meta property=\"og:image:type\" content=\"image\/jpeg\" \/>\n<meta name=\"twitter:card\" content=\"summary_large_image\" \/>\n<meta name=\"twitter:label1\" content=\"Tiempo de lectura\" \/>\n\t<meta name=\"twitter:data1\" content=\"1 minuto\" \/>\n<script type=\"application\/ld+json\" class=\"yoast-schema-graph\">{\"@context\":\"https:\/\/schema.org\",\"@graph\":[{\"@type\":\"WebPage\",\"@id\":\"https:\/\/texia.com\/es\/nuestras-marcas\/\",\"url\":\"https:\/\/texia.com\/es\/nuestras-marcas\/\",\"name\":\"Nuestras marcas - Texia\",\"isPartOf\":{\"@id\":\"https:\/\/texia.com\/es\/#website\"},\"primaryImageOfPage\":{\"@id\":\"https:\/\/texia.com\/es\/nuestras-marcas\/#primaryimage\"},\"image\":{\"@id\":\"https:\/\/texia.com\/es\/nuestras-marcas\/#primaryimage\"},\"thumbnailUrl\":\"https:\/\/texia.com\/wp-content\/uploads\/img-nuestras-marcas-header.jpg\",\"datePublished\":\"2023-05-18T14:51:07+00:00\",\"dateModified\":\"2026-03-12T16:33:49+00:00\",\"description\":\"En 1995, y ante la creciente competencia de los pa\u00edses asi\u00e1ticos, decidimos dar un giro a nuestro modelo de negocio para garantizar la viabilidad de la\",\"breadcrumb\":{\"@id\":\"https:\/\/texia.com\/es\/nuestras-marcas\/#breadcrumb\"},\"inLanguage\":\"es\",\"potentialAction\":[{\"@type\":\"ReadAction\",\"target\":[\"https:\/\/texia.com\/es\/nuestras-marcas\/\"]}]},{\"@type\":\"ImageObject\",\"inLanguage\":\"es\",\"@id\":\"https:\/\/texia.com\/es\/nuestras-marcas\/#primaryimage\",\"url\":\"https:\/\/texia.com\/wp-content\/uploads\/img-nuestras-marcas-header.jpg\",\"contentUrl\":\"https:\/\/texia.com\/wp-content\/uploads\/img-nuestras-marcas-header.jpg\",\"width\":1920,\"height\":578},{\"@type\":\"BreadcrumbList\",\"@id\":\"https:\/\/texia.com\/es\/nuestras-marcas\/#breadcrumb\",\"itemListElement\":[{\"@type\":\"ListItem\",\"position\":1,\"name\":\"Portada\",\"item\":\"https:\/\/texia.com\/es\/\"},{\"@type\":\"ListItem\",\"position\":2,\"name\":\"Nuestras marcas\"}]},{\"@type\":\"WebSite\",\"@id\":\"https:\/\/texia.com\/es\/#website\",\"url\":\"https:\/\/texia.com\/es\/\",\"name\":\"Texia\",\"description\":\"\",\"publisher\":{\"@id\":\"https:\/\/texia.com\/es\/#organization\"},\"potentialAction\":[{\"@type\":\"SearchAction\",\"target\":{\"@type\":\"EntryPoint\",\"urlTemplate\":\"https:\/\/texia.com\/es\/?s={search_term_string}\"},\"query-input\":{\"@type\":\"PropertyValueSpecification\",\"valueRequired\":true,\"valueName\":\"search_term_string\"}}],\"inLanguage\":\"es\"},{\"@type\":\"Organization\",\"@id\":\"https:\/\/texia.com\/es\/#organization\",\"name\":\"Texia\",\"url\":\"https:\/\/texia.com\/es\/\",\"logo\":{\"@type\":\"ImageObject\",\"inLanguage\":\"es\",\"@id\":\"https:\/\/texia.com\/es\/#\/schema\/logo\/image\/\",\"url\":\"https:\/\/texia.com\/wp-content\/uploads\/logo-texia.png\",\"contentUrl\":\"https:\/\/texia.com\/wp-content\/uploads\/logo-texia.png\",\"width\":194,\"height\":59,\"caption\":\"Texia\"},\"image\":{\"@id\":\"https:\/\/texia.com\/es\/#\/schema\/logo\/image\/\"}}]}<\/script>\n<!-- \/ Yoast SEO plugin. -->","yoast_head_json":{"title":"Nuestras marcas - Texia","description":"En 1995, y ante la creciente competencia de los pa\u00edses asi\u00e1ticos, decidimos dar un giro a nuestro modelo de negocio para garantizar la viabilidad de la","robots":{"index":"index","follow":"follow","max-snippet":"max-snippet:-1","max-image-preview":"max-image-preview:large","max-video-preview":"max-video-preview:-1"},"canonical":"https:\/\/texia.com\/es\/nuestras-marcas\/","og_locale":"es_ES","og_type":"article","og_title":"Nuestras marcas - Texia","og_description":"En 1995, y ante la creciente competencia de los pa\u00edses asi\u00e1ticos, decidimos dar un giro a nuestro modelo de negocio para garantizar la viabilidad de la","og_url":"https:\/\/texia.com\/es\/nuestras-marcas\/","og_site_name":"Texia","article_modified_time":"2026-03-12T16:33:49+00:00","og_image":[{"width":1920,"height":578,"url":"http:\/\/texia.com\/wp-content\/uploads\/img-nuestras-marcas-header.jpg","type":"image\/jpeg"}],"twitter_card":"summary_large_image","twitter_misc":{"Tiempo de lectura":"1 minuto"},"schema":{"@context":"https:\/\/schema.org","@graph":[{"@type":"WebPage","@id":"https:\/\/texia.com\/es\/nuestras-marcas\/","url":"https:\/\/texia.com\/es\/nuestras-marcas\/","name":"Nuestras marcas - Texia","isPartOf":{"@id":"https:\/\/texia.com\/es\/#website"},"primaryImageOfPage":{"@id":"https:\/\/texia.com\/es\/nuestras-marcas\/#primaryimage"},"image":{"@id":"https:\/\/texia.com\/es\/nuestras-marcas\/#primaryimage"},"thumbnailUrl":"https:\/\/texia.com\/wp-content\/uploads\/img-nuestras-marcas-header.jpg","datePublished":"2023-05-18T14:51:07+00:00","dateModified":"2026-03-12T16:33:49+00:00","description":"En 1995, y ante la creciente competencia de los pa\u00edses asi\u00e1ticos, decidimos dar un giro a nuestro modelo de negocio para garantizar la viabilidad de la","breadcrumb":{"@id":"https:\/\/texia.com\/es\/nuestras-marcas\/#breadcrumb"},"inLanguage":"es","potentialAction":[{"@type":"ReadAction","target":["https:\/\/texia.com\/es\/nuestras-marcas\/"]}]},{"@type":"ImageObject","inLanguage":"es","@id":"https:\/\/texia.com\/es\/nuestras-marcas\/#primaryimage","url":"https:\/\/texia.com\/wp-content\/uploads\/img-nuestras-marcas-header.jpg","contentUrl":"https:\/\/texia.com\/wp-content\/uploads\/img-nuestras-marcas-header.jpg","width":1920,"height":578},{"@type":"BreadcrumbList","@id":"https:\/\/texia.com\/es\/nuestras-marcas\/#breadcrumb","itemListElement":[{"@type":"ListItem","position":1,"name":"Portada","item":"https:\/\/texia.com\/es\/"},{"@type":"ListItem","position":2,"name":"Nuestras marcas"}]},{"@type":"WebSite","@id":"https:\/\/texia.com\/es\/#website","url":"https:\/\/texia.com\/es\/","name":"Texia","description":"","publisher":{"@id":"https:\/\/texia.com\/es\/#organization"},"potentialAction":[{"@type":"SearchAction","target":{"@type":"EntryPoint","urlTemplate":"https:\/\/texia.com\/es\/?s={search_term_string}"},"query-input":{"@type":"PropertyValueSpecification","valueRequired":true,"valueName":"search_term_string"}}],"inLanguage":"es"},{"@type":"Organization","@id":"https:\/\/texia.com\/es\/#organization","name":"Texia","url":"https:\/\/texia.com\/es\/","logo":{"@type":"ImageObject","inLanguage":"es","@id":"https:\/\/texia.com\/es\/#\/schema\/logo\/image\/","url":"https:\/\/texia.com\/wp-content\/uploads\/logo-texia.png","contentUrl":"https:\/\/texia.com\/wp-content\/uploads\/logo-texia.png","width":194,"height":59,"caption":"Texia"},"image":{"@id":"https:\/\/texia.com\/es\/#\/schema\/logo\/image\/"}}]}},"_links":{"self":[{"href":"https:\/\/texia.com\/es\/wp-json\/wp\/v2\/pages\/334","targetHints":{"allow":["GET"]}}],"collection":[{"href":"https:\/\/texia.com\/es\/wp-json\/wp\/v2\/pages"}],"about":[{"href":"https:\/\/texia.com\/es\/wp-json\/wp\/v2\/types\/page"}],"author":[{"embeddable":true,"href":"https:\/\/texia.com\/es\/wp-json\/wp\/v2\/users\/1"}],"replies":[{"embeddable":true,"href":"https:\/\/texia.com\/es\/wp-json\/wp\/v2\/comments?post=334"}],"version-history":[{"count":7,"href":"https:\/\/texia.com\/es\/wp-json\/wp\/v2\/pages\/334\/revisions"}],"predecessor-version":[{"id":1735,"href":"https:\/\/texia.com\/es\/wp-json\/wp\/v2\/pages\/334\/revisions\/1735"}],"wp:featuredmedia":[{"embeddable":true,"href":"https:\/\/texia.com\/es\/wp-json\/wp\/v2\/media\/678"}],"wp:attachment":[{"href":"https:\/\/texia.com\/es\/wp-json\/wp\/v2\/media?parent=334"}],"curies":[{"name":"wp","href":"https:\/\/api.w.org\/{rel}","templated":true}]}}