{"id":332,"date":"2023-05-18T14:49:45","date_gmt":"2023-05-18T14:49:45","guid":{"rendered":"http:\/\/texia.com\/?page_id=332"},"modified":"2025-11-26T10:01:18","modified_gmt":"2025-11-26T10:01:18","slug":"sostenibilidad","status":"publish","type":"page","link":"https:\/\/texia.com\/es\/sostenibilidad\/","title":{"rendered":"Sostenibilidad"},"content":{"rendered":"\n<div class=\"wp-block-columns is-layout-flex wp-container-core-columns-is-layout-9d6595d7 wp-block-columns-is-layout-flex\">\n<div class=\"wp-block-column is-layout-flow wp-block-column-is-layout-flow\">\n<h2><span class=\"title-2\">Nuestro compromiso con la utilizaci\u00f3n de materiales renovables<\/span><\/h2>\n<h3 class=\"title-3\"><br \/>Materias primas 100% naturales<\/h3>\n<p>Apostamos por el uso de fibras naturales de calidad que se cultiven de manera responsable social y medioambientalmente. Todos nuestros productos est\u00e1n fabricados con fibras de origen vegetal, como el algod\u00f3n o el lino.<\/p>\n<p>Formamos parte del programa Better Cotton Initiative (BCI) que se caracteriza por mejorar la producci\u00f3n global de algod\u00f3n tanto para las personas que la producen, para el medio ambiente en el que crece y para un mejor futuro del sector.<\/p>\n<p>Adem\u00e1s, estamos en pleno proceso de incorporaci\u00f3n de algod\u00f3n recuperado y reciclado en algunos productos.<\/p>\n<p style=\"margin: 0;\"><img loading=\"lazy\" decoding=\"async\" class=\"alignnone size-full wp-image-512\" src=\"http:\/\/texia.com\/wp-content\/uploads\/image-30.png\" alt=\"\" width=\"118\" height=\"58\" \/><\/p>\n<\/div>\n\n\n\n<div class=\"wp-block-column is-layout-flow wp-block-column-is-layout-flow\"><\/div>\n<\/div>\n","protected":false},"excerpt":{"rendered":"<p>Nuestro compromiso con la utilizaci\u00f3n de materiales renovables Materias primas 100% naturales Apostamos por el uso de fibras naturales de calidad que se cultiven de manera responsable social y medioambientalmente. &hellip;<\/p>\n","protected":false},"author":1,"featured_media":500,"parent":0,"menu_order":0,"comment_status":"closed","ping_status":"closed","template":"page-templates\/page-flexible.php","meta":{"_acf_changed":false,"footnotes":""},"class_list":["post-332","page","type-page","status-publish","has-post-thumbnail","hentry"],"acf":[],"yoast_head":"<!-- This site is optimized with the Yoast SEO plugin v27.2 - https:\/\/yoast.com\/product\/yoast-seo-wordpress\/ -->\n<title>Sostenibilidad y materiales renovables - Texia<\/title>\n<meta name=\"description\" content=\"Apostamos por el uso de fibras naturales de calidad que se cultiven de manera responsable social y medioambientalmente.\" \/>\n<meta name=\"robots\" content=\"index, follow, max-snippet:-1, max-image-preview:large, max-video-preview:-1\" \/>\n<link rel=\"canonical\" href=\"https:\/\/texia.com\/es\/sostenibilidad\/\" \/>\n<meta property=\"og:locale\" content=\"es_ES\" \/>\n<meta property=\"og:type\" content=\"article\" \/>\n<meta property=\"og:title\" content=\"Sostenibilidad y materiales renovables - Texia\" \/>\n<meta property=\"og:description\" content=\"Apostamos por el uso de fibras naturales de calidad que se cultiven de manera responsable social y medioambientalmente.\" \/>\n<meta property=\"og:url\" content=\"https:\/\/texia.com\/es\/sostenibilidad\/\" \/>\n<meta property=\"og:site_name\" content=\"Texia\" \/>\n<meta property=\"article:modified_time\" content=\"2025-11-26T10:01:18+00:00\" \/>\n<meta property=\"og:image\" content=\"http:\/\/texia.com\/wp-content\/uploads\/header_quienessomos-1024x483.png\" \/>\n\t<meta property=\"og:image:width\" content=\"1024\" \/>\n\t<meta property=\"og:image:height\" content=\"483\" \/>\n\t<meta property=\"og:image:type\" content=\"image\/png\" \/>\n<meta name=\"twitter:card\" content=\"summary_large_image\" \/>\n<meta name=\"twitter:label1\" content=\"Tiempo de lectura\" \/>\n\t<meta name=\"twitter:data1\" content=\"1 minuto\" \/>\n<script type=\"application\/ld+json\" class=\"yoast-schema-graph\">{\"@context\":\"https:\/\/schema.org\",\"@graph\":[{\"@type\":\"WebPage\",\"@id\":\"https:\/\/texia.com\/es\/sostenibilidad\/\",\"url\":\"https:\/\/texia.com\/es\/sostenibilidad\/\",\"name\":\"Sostenibilidad y materiales renovables - Texia\",\"isPartOf\":{\"@id\":\"https:\/\/texia.com\/es\/#website\"},\"primaryImageOfPage\":{\"@id\":\"https:\/\/texia.com\/es\/sostenibilidad\/#primaryimage\"},\"image\":{\"@id\":\"https:\/\/texia.com\/es\/sostenibilidad\/#primaryimage\"},\"thumbnailUrl\":\"https:\/\/texia.com\/wp-content\/uploads\/header_quienessomos.png\",\"datePublished\":\"2023-05-18T14:49:45+00:00\",\"dateModified\":\"2025-11-26T10:01:18+00:00\",\"description\":\"Apostamos por el uso de fibras naturales de calidad que se cultiven de manera responsable social y medioambientalmente.\",\"breadcrumb\":{\"@id\":\"https:\/\/texia.com\/es\/sostenibilidad\/#breadcrumb\"},\"inLanguage\":\"es\",\"potentialAction\":[{\"@type\":\"ReadAction\",\"target\":[\"https:\/\/texia.com\/es\/sostenibilidad\/\"]}]},{\"@type\":\"ImageObject\",\"inLanguage\":\"es\",\"@id\":\"https:\/\/texia.com\/es\/sostenibilidad\/#primaryimage\",\"url\":\"https:\/\/texia.com\/wp-content\/uploads\/header_quienessomos.png\",\"contentUrl\":\"https:\/\/texia.com\/wp-content\/uploads\/header_quienessomos.png\",\"width\":5760,\"height\":2715},{\"@type\":\"BreadcrumbList\",\"@id\":\"https:\/\/texia.com\/es\/sostenibilidad\/#breadcrumb\",\"itemListElement\":[{\"@type\":\"ListItem\",\"position\":1,\"name\":\"Portada\",\"item\":\"https:\/\/texia.com\/es\/\"},{\"@type\":\"ListItem\",\"position\":2,\"name\":\"Sostenibilidad\"}]},{\"@type\":\"WebSite\",\"@id\":\"https:\/\/texia.com\/es\/#website\",\"url\":\"https:\/\/texia.com\/es\/\",\"name\":\"Texia\",\"description\":\"\",\"publisher\":{\"@id\":\"https:\/\/texia.com\/es\/#organization\"},\"potentialAction\":[{\"@type\":\"SearchAction\",\"target\":{\"@type\":\"EntryPoint\",\"urlTemplate\":\"https:\/\/texia.com\/es\/?s={search_term_string}\"},\"query-input\":{\"@type\":\"PropertyValueSpecification\",\"valueRequired\":true,\"valueName\":\"search_term_string\"}}],\"inLanguage\":\"es\"},{\"@type\":\"Organization\",\"@id\":\"https:\/\/texia.com\/es\/#organization\",\"name\":\"Texia\",\"url\":\"https:\/\/texia.com\/es\/\",\"logo\":{\"@type\":\"ImageObject\",\"inLanguage\":\"es\",\"@id\":\"https:\/\/texia.com\/es\/#\/schema\/logo\/image\/\",\"url\":\"https:\/\/texia.com\/wp-content\/uploads\/logo-texia.png\",\"contentUrl\":\"https:\/\/texia.com\/wp-content\/uploads\/logo-texia.png\",\"width\":194,\"height\":59,\"caption\":\"Texia\"},\"image\":{\"@id\":\"https:\/\/texia.com\/es\/#\/schema\/logo\/image\/\"}}]}<\/script>\n<!-- \/ Yoast SEO plugin. -->","yoast_head_json":{"title":"Sostenibilidad y materiales renovables - Texia","description":"Apostamos por el uso de fibras naturales de calidad que se cultiven de manera responsable social y medioambientalmente.","robots":{"index":"index","follow":"follow","max-snippet":"max-snippet:-1","max-image-preview":"max-image-preview:large","max-video-preview":"max-video-preview:-1"},"canonical":"https:\/\/texia.com\/es\/sostenibilidad\/","og_locale":"es_ES","og_type":"article","og_title":"Sostenibilidad y materiales renovables - Texia","og_description":"Apostamos por el uso de fibras naturales de calidad que se cultiven de manera responsable social y medioambientalmente.","og_url":"https:\/\/texia.com\/es\/sostenibilidad\/","og_site_name":"Texia","article_modified_time":"2025-11-26T10:01:18+00:00","og_image":[{"width":1024,"height":483,"url":"http:\/\/texia.com\/wp-content\/uploads\/header_quienessomos-1024x483.png","type":"image\/png"}],"twitter_card":"summary_large_image","twitter_misc":{"Tiempo de lectura":"1 minuto"},"schema":{"@context":"https:\/\/schema.org","@graph":[{"@type":"WebPage","@id":"https:\/\/texia.com\/es\/sostenibilidad\/","url":"https:\/\/texia.com\/es\/sostenibilidad\/","name":"Sostenibilidad y materiales renovables - Texia","isPartOf":{"@id":"https:\/\/texia.com\/es\/#website"},"primaryImageOfPage":{"@id":"https:\/\/texia.com\/es\/sostenibilidad\/#primaryimage"},"image":{"@id":"https:\/\/texia.com\/es\/sostenibilidad\/#primaryimage"},"thumbnailUrl":"https:\/\/texia.com\/wp-content\/uploads\/header_quienessomos.png","datePublished":"2023-05-18T14:49:45+00:00","dateModified":"2025-11-26T10:01:18+00:00","description":"Apostamos por el uso de fibras naturales de calidad que se cultiven de manera responsable social y medioambientalmente.","breadcrumb":{"@id":"https:\/\/texia.com\/es\/sostenibilidad\/#breadcrumb"},"inLanguage":"es","potentialAction":[{"@type":"ReadAction","target":["https:\/\/texia.com\/es\/sostenibilidad\/"]}]},{"@type":"ImageObject","inLanguage":"es","@id":"https:\/\/texia.com\/es\/sostenibilidad\/#primaryimage","url":"https:\/\/texia.com\/wp-content\/uploads\/header_quienessomos.png","contentUrl":"https:\/\/texia.com\/wp-content\/uploads\/header_quienessomos.png","width":5760,"height":2715},{"@type":"BreadcrumbList","@id":"https:\/\/texia.com\/es\/sostenibilidad\/#breadcrumb","itemListElement":[{"@type":"ListItem","position":1,"name":"Portada","item":"https:\/\/texia.com\/es\/"},{"@type":"ListItem","position":2,"name":"Sostenibilidad"}]},{"@type":"WebSite","@id":"https:\/\/texia.com\/es\/#website","url":"https:\/\/texia.com\/es\/","name":"Texia","description":"","publisher":{"@id":"https:\/\/texia.com\/es\/#organization"},"potentialAction":[{"@type":"SearchAction","target":{"@type":"EntryPoint","urlTemplate":"https:\/\/texia.com\/es\/?s={search_term_string}"},"query-input":{"@type":"PropertyValueSpecification","valueRequired":true,"valueName":"search_term_string"}}],"inLanguage":"es"},{"@type":"Organization","@id":"https:\/\/texia.com\/es\/#organization","name":"Texia","url":"https:\/\/texia.com\/es\/","logo":{"@type":"ImageObject","inLanguage":"es","@id":"https:\/\/texia.com\/es\/#\/schema\/logo\/image\/","url":"https:\/\/texia.com\/wp-content\/uploads\/logo-texia.png","contentUrl":"https:\/\/texia.com\/wp-content\/uploads\/logo-texia.png","width":194,"height":59,"caption":"Texia"},"image":{"@id":"https:\/\/texia.com\/es\/#\/schema\/logo\/image\/"}}]}},"_links":{"self":[{"href":"https:\/\/texia.com\/es\/wp-json\/wp\/v2\/pages\/332","targetHints":{"allow":["GET"]}}],"collection":[{"href":"https:\/\/texia.com\/es\/wp-json\/wp\/v2\/pages"}],"about":[{"href":"https:\/\/texia.com\/es\/wp-json\/wp\/v2\/types\/page"}],"author":[{"embeddable":true,"href":"https:\/\/texia.com\/es\/wp-json\/wp\/v2\/users\/1"}],"replies":[{"embeddable":true,"href":"https:\/\/texia.com\/es\/wp-json\/wp\/v2\/comments?post=332"}],"version-history":[{"count":20,"href":"https:\/\/texia.com\/es\/wp-json\/wp\/v2\/pages\/332\/revisions"}],"predecessor-version":[{"id":1713,"href":"https:\/\/texia.com\/es\/wp-json\/wp\/v2\/pages\/332\/revisions\/1713"}],"wp:featuredmedia":[{"embeddable":true,"href":"https:\/\/texia.com\/es\/wp-json\/wp\/v2\/media\/500"}],"wp:attachment":[{"href":"https:\/\/texia.com\/es\/wp-json\/wp\/v2\/media?parent=332"}],"curies":[{"name":"wp","href":"https:\/\/api.w.org\/{rel}","templated":true}]}}