{"id":330,"date":"2023-05-18T14:49:14","date_gmt":"2023-05-18T14:49:14","guid":{"rendered":"http:\/\/texia.com\/?page_id=330"},"modified":"2026-03-12T16:37:35","modified_gmt":"2026-03-12T16:37:35","slug":"quienes-somos","status":"publish","type":"page","link":"https:\/\/texia.com\/es\/quienes-somos\/","title":{"rendered":"Qui\u00e9nes somos"},"content":{"rendered":"\n<div class=\"wp-block-columns is-layout-flex wp-container-core-columns-is-layout-9d6595d7 wp-block-columns-is-layout-flex\">\n<div class=\"wp-block-column is-layout-flow wp-block-column-is-layout-flow\">\n<p><strong>\u201cLos productos de Texia est\u00e1n presentes en los principales restaurantes, hoteles y l\u00edneas a\u00e9reas del mundo\u201d<\/strong><\/p>\n<hr \/>\n<p>TEXIA es una compa\u00f1\u00eda familiar espa\u00f1ola creada en 1917 y que est\u00e1 revolucionando la fabricaci\u00f3n de productos textiles para el sector horeca premium y aerol\u00edneas gracias a su tecnolog\u00eda patentada sin costuras (Seamless), reforzada con la implantaci\u00f3n y el desarrollo de la estampaci\u00f3n digital pigmentaria en colaboraci\u00f3n con Epson.<\/p>\n<p>TEXIA es el referente mundial en la fabricaci\u00f3n de productos textiles de algod\u00f3n en rollo y sin costuras de alta calidad gracias a sus dos marcas propias: ROLL DRAP y MY DRAP. La compa\u00f1\u00eda las lanz\u00f3 en 1995 y 2010, respectivamente, para diferenciarse de los productos textiles tradicionales.<\/p>\n<\/div>\n\n\n\n<div class=\"wp-block-column is-layout-flow wp-block-column-is-layout-flow\">\n<p>Hoy est\u00e1n presentes en los principales restaurantes, hoteles, l\u00edneas a\u00e9reas, cruceros y catering de lujo del mundo. Una gama de productos que se ha ampliado con la adquisici\u00f3n de Athos, dedicada a la fabricaci\u00f3n de manteles de alta calidad y hechos a medida para restaurantes.<\/p>\n<p>Con sede central en Monistrol de Montserrat (Barcelona) exporta el 80% de su producci\u00f3n a todo el mundo, emplea a 90 personas y tiene una filial en Canad\u00e1 que distribuye los productos MY DRAP por todo Norteam\u00e9rica. La cuarta generaci\u00f3n, liderada por Marcos Guasch Pubill, se ha fijado el prop\u00f3sito de liderar la transformaci\u00f3n del sector textil industrial hacia la sostenibilidad a trav\u00e9s de las tecnolog\u00edas propias (SeamlessTEX y DigitalTEX). Para seguir optimiz\u00e1ndolas, Texia invierte el 10% de sus ingresos en proyectos de I+D.<\/p>\n<\/div>\n<\/div>\n","protected":false},"excerpt":{"rendered":"<p>\u201cLos productos de Texia est\u00e1n presentes en los principales restaurantes, hoteles y l\u00edneas a\u00e9reas del mundo\u201d TEXIA es una compa\u00f1\u00eda familiar espa\u00f1ola creada en 1917 y que est\u00e1 revolucionando la &hellip;<\/p>\n","protected":false},"author":1,"featured_media":500,"parent":0,"menu_order":0,"comment_status":"closed","ping_status":"closed","template":"page-templates\/page-flexible.php","meta":{"_acf_changed":false,"footnotes":""},"class_list":["post-330","page","type-page","status-publish","has-post-thumbnail","hentry"],"acf":[],"yoast_head":"<!-- This site is optimized with the Yoast SEO plugin v27.2 - https:\/\/yoast.com\/product\/yoast-seo-wordpress\/ -->\n<title>Qui\u00e9nes somos - Texia<\/title>\n<meta name=\"description\" content=\"L\u00edderes en el sector de textil. Nuestros productos est\u00e1n presentes en los principales restaurantes, hoteles y l\u00edneas a\u00e9reas del mundo.\" \/>\n<meta name=\"robots\" content=\"index, follow, max-snippet:-1, max-image-preview:large, max-video-preview:-1\" \/>\n<link rel=\"canonical\" href=\"https:\/\/texia.com\/es\/quienes-somos\/\" \/>\n<meta property=\"og:locale\" content=\"es_ES\" \/>\n<meta property=\"og:type\" content=\"article\" \/>\n<meta property=\"og:title\" content=\"Qui\u00e9nes somos - Texia\" \/>\n<meta property=\"og:description\" content=\"L\u00edderes en el sector de textil. Nuestros productos est\u00e1n presentes en los principales restaurantes, hoteles y l\u00edneas a\u00e9reas del mundo.\" \/>\n<meta property=\"og:url\" content=\"https:\/\/texia.com\/es\/quienes-somos\/\" \/>\n<meta property=\"og:site_name\" content=\"Texia\" \/>\n<meta property=\"article:modified_time\" content=\"2026-03-12T16:37:35+00:00\" \/>\n<meta property=\"og:image\" content=\"http:\/\/texia.com\/wp-content\/uploads\/header_quienessomos-1024x483.png\" \/>\n\t<meta property=\"og:image:width\" content=\"1024\" \/>\n\t<meta property=\"og:image:height\" content=\"483\" \/>\n\t<meta property=\"og:image:type\" content=\"image\/png\" \/>\n<meta name=\"twitter:card\" content=\"summary_large_image\" \/>\n<meta name=\"twitter:label1\" content=\"Tiempo de lectura\" \/>\n\t<meta name=\"twitter:data1\" content=\"2 minutos\" \/>\n<script type=\"application\/ld+json\" class=\"yoast-schema-graph\">{\"@context\":\"https:\/\/schema.org\",\"@graph\":[{\"@type\":\"WebPage\",\"@id\":\"https:\/\/texia.com\/es\/quienes-somos\/\",\"url\":\"https:\/\/texia.com\/es\/quienes-somos\/\",\"name\":\"Qui\u00e9nes somos - Texia\",\"isPartOf\":{\"@id\":\"https:\/\/texia.com\/es\/#website\"},\"primaryImageOfPage\":{\"@id\":\"https:\/\/texia.com\/es\/quienes-somos\/#primaryimage\"},\"image\":{\"@id\":\"https:\/\/texia.com\/es\/quienes-somos\/#primaryimage\"},\"thumbnailUrl\":\"https:\/\/texia.com\/wp-content\/uploads\/header_quienessomos.png\",\"datePublished\":\"2023-05-18T14:49:14+00:00\",\"dateModified\":\"2026-03-12T16:37:35+00:00\",\"description\":\"L\u00edderes en el sector de textil. Nuestros productos est\u00e1n presentes en los principales restaurantes, hoteles y l\u00edneas a\u00e9reas del mundo.\",\"breadcrumb\":{\"@id\":\"https:\/\/texia.com\/es\/quienes-somos\/#breadcrumb\"},\"inLanguage\":\"es\",\"potentialAction\":[{\"@type\":\"ReadAction\",\"target\":[\"https:\/\/texia.com\/es\/quienes-somos\/\"]}]},{\"@type\":\"ImageObject\",\"inLanguage\":\"es\",\"@id\":\"https:\/\/texia.com\/es\/quienes-somos\/#primaryimage\",\"url\":\"https:\/\/texia.com\/wp-content\/uploads\/header_quienessomos.png\",\"contentUrl\":\"https:\/\/texia.com\/wp-content\/uploads\/header_quienessomos.png\",\"width\":5760,\"height\":2715},{\"@type\":\"BreadcrumbList\",\"@id\":\"https:\/\/texia.com\/es\/quienes-somos\/#breadcrumb\",\"itemListElement\":[{\"@type\":\"ListItem\",\"position\":1,\"name\":\"Portada\",\"item\":\"https:\/\/texia.com\/es\/\"},{\"@type\":\"ListItem\",\"position\":2,\"name\":\"Qui\u00e9nes somos\"}]},{\"@type\":\"WebSite\",\"@id\":\"https:\/\/texia.com\/es\/#website\",\"url\":\"https:\/\/texia.com\/es\/\",\"name\":\"Texia\",\"description\":\"\",\"publisher\":{\"@id\":\"https:\/\/texia.com\/es\/#organization\"},\"potentialAction\":[{\"@type\":\"SearchAction\",\"target\":{\"@type\":\"EntryPoint\",\"urlTemplate\":\"https:\/\/texia.com\/es\/?s={search_term_string}\"},\"query-input\":{\"@type\":\"PropertyValueSpecification\",\"valueRequired\":true,\"valueName\":\"search_term_string\"}}],\"inLanguage\":\"es\"},{\"@type\":\"Organization\",\"@id\":\"https:\/\/texia.com\/es\/#organization\",\"name\":\"Texia\",\"url\":\"https:\/\/texia.com\/es\/\",\"logo\":{\"@type\":\"ImageObject\",\"inLanguage\":\"es\",\"@id\":\"https:\/\/texia.com\/es\/#\/schema\/logo\/image\/\",\"url\":\"https:\/\/texia.com\/wp-content\/uploads\/logo-texia.png\",\"contentUrl\":\"https:\/\/texia.com\/wp-content\/uploads\/logo-texia.png\",\"width\":194,\"height\":59,\"caption\":\"Texia\"},\"image\":{\"@id\":\"https:\/\/texia.com\/es\/#\/schema\/logo\/image\/\"}}]}<\/script>\n<!-- \/ Yoast SEO plugin. -->","yoast_head_json":{"title":"Qui\u00e9nes somos - Texia","description":"L\u00edderes en el sector de textil. Nuestros productos est\u00e1n presentes en los principales restaurantes, hoteles y l\u00edneas a\u00e9reas del mundo.","robots":{"index":"index","follow":"follow","max-snippet":"max-snippet:-1","max-image-preview":"max-image-preview:large","max-video-preview":"max-video-preview:-1"},"canonical":"https:\/\/texia.com\/es\/quienes-somos\/","og_locale":"es_ES","og_type":"article","og_title":"Qui\u00e9nes somos - Texia","og_description":"L\u00edderes en el sector de textil. Nuestros productos est\u00e1n presentes en los principales restaurantes, hoteles y l\u00edneas a\u00e9reas del mundo.","og_url":"https:\/\/texia.com\/es\/quienes-somos\/","og_site_name":"Texia","article_modified_time":"2026-03-12T16:37:35+00:00","og_image":[{"width":1024,"height":483,"url":"http:\/\/texia.com\/wp-content\/uploads\/header_quienessomos-1024x483.png","type":"image\/png"}],"twitter_card":"summary_large_image","twitter_misc":{"Tiempo de lectura":"2 minutos"},"schema":{"@context":"https:\/\/schema.org","@graph":[{"@type":"WebPage","@id":"https:\/\/texia.com\/es\/quienes-somos\/","url":"https:\/\/texia.com\/es\/quienes-somos\/","name":"Qui\u00e9nes somos - Texia","isPartOf":{"@id":"https:\/\/texia.com\/es\/#website"},"primaryImageOfPage":{"@id":"https:\/\/texia.com\/es\/quienes-somos\/#primaryimage"},"image":{"@id":"https:\/\/texia.com\/es\/quienes-somos\/#primaryimage"},"thumbnailUrl":"https:\/\/texia.com\/wp-content\/uploads\/header_quienessomos.png","datePublished":"2023-05-18T14:49:14+00:00","dateModified":"2026-03-12T16:37:35+00:00","description":"L\u00edderes en el sector de textil. Nuestros productos est\u00e1n presentes en los principales restaurantes, hoteles y l\u00edneas a\u00e9reas del mundo.","breadcrumb":{"@id":"https:\/\/texia.com\/es\/quienes-somos\/#breadcrumb"},"inLanguage":"es","potentialAction":[{"@type":"ReadAction","target":["https:\/\/texia.com\/es\/quienes-somos\/"]}]},{"@type":"ImageObject","inLanguage":"es","@id":"https:\/\/texia.com\/es\/quienes-somos\/#primaryimage","url":"https:\/\/texia.com\/wp-content\/uploads\/header_quienessomos.png","contentUrl":"https:\/\/texia.com\/wp-content\/uploads\/header_quienessomos.png","width":5760,"height":2715},{"@type":"BreadcrumbList","@id":"https:\/\/texia.com\/es\/quienes-somos\/#breadcrumb","itemListElement":[{"@type":"ListItem","position":1,"name":"Portada","item":"https:\/\/texia.com\/es\/"},{"@type":"ListItem","position":2,"name":"Qui\u00e9nes somos"}]},{"@type":"WebSite","@id":"https:\/\/texia.com\/es\/#website","url":"https:\/\/texia.com\/es\/","name":"Texia","description":"","publisher":{"@id":"https:\/\/texia.com\/es\/#organization"},"potentialAction":[{"@type":"SearchAction","target":{"@type":"EntryPoint","urlTemplate":"https:\/\/texia.com\/es\/?s={search_term_string}"},"query-input":{"@type":"PropertyValueSpecification","valueRequired":true,"valueName":"search_term_string"}}],"inLanguage":"es"},{"@type":"Organization","@id":"https:\/\/texia.com\/es\/#organization","name":"Texia","url":"https:\/\/texia.com\/es\/","logo":{"@type":"ImageObject","inLanguage":"es","@id":"https:\/\/texia.com\/es\/#\/schema\/logo\/image\/","url":"https:\/\/texia.com\/wp-content\/uploads\/logo-texia.png","contentUrl":"https:\/\/texia.com\/wp-content\/uploads\/logo-texia.png","width":194,"height":59,"caption":"Texia"},"image":{"@id":"https:\/\/texia.com\/es\/#\/schema\/logo\/image\/"}}]}},"_links":{"self":[{"href":"https:\/\/texia.com\/es\/wp-json\/wp\/v2\/pages\/330","targetHints":{"allow":["GET"]}}],"collection":[{"href":"https:\/\/texia.com\/es\/wp-json\/wp\/v2\/pages"}],"about":[{"href":"https:\/\/texia.com\/es\/wp-json\/wp\/v2\/types\/page"}],"author":[{"embeddable":true,"href":"https:\/\/texia.com\/es\/wp-json\/wp\/v2\/users\/1"}],"replies":[{"embeddable":true,"href":"https:\/\/texia.com\/es\/wp-json\/wp\/v2\/comments?post=330"}],"version-history":[{"count":1,"href":"https:\/\/texia.com\/es\/wp-json\/wp\/v2\/pages\/330\/revisions"}],"predecessor-version":[{"id":1737,"href":"https:\/\/texia.com\/es\/wp-json\/wp\/v2\/pages\/330\/revisions\/1737"}],"wp:featuredmedia":[{"embeddable":true,"href":"https:\/\/texia.com\/es\/wp-json\/wp\/v2\/media\/500"}],"wp:attachment":[{"href":"https:\/\/texia.com\/es\/wp-json\/wp\/v2\/media?parent=330"}],"curies":[{"name":"wp","href":"https:\/\/api.w.org\/{rel}","templated":true}]}}